{"id":27,"date":"2019-11-17T20:26:24","date_gmt":"2019-11-17T20:26:24","guid":{"rendered":"https:\/\/www.rosdyfilm.com\/port\/?page_id=27"},"modified":"2019-11-18T22:17:46","modified_gmt":"2019-11-18T22:17:46","slug":"synopsis","status":"publish","type":"page","link":"https:\/\/www.rosdyfilm.com\/port\/synopsis\/","title":{"rendered":"01 \u00dcber den Film &#8211; 01 Synopsis"},"content":{"rendered":"\n[et_pb_section fb_built=&#8220;1&#8243; _builder_version=&#8220;4.0.6&#8243; background_image=&#8220;https:\/\/www.rosdyfilm.com\/port\/wp-content\/uploads\/2019\/11\/strasse.jpg&#8220; width=&#8220;100%&#8220; height=&#8220;758px&#8220; hover_enabled=&#8220;0&#8243;][et_pb_row _builder_version=&#8220;4.0.6&#8243;][et_pb_column type=&#8220;4_4&#8243; _builder_version=&#8220;4.0.6&#8243;][et_pb_text _builder_version=&#8220;4.0.6&#8243; background_color=&#8220;rgba(255,255,255,0.9)&#8220; custom_margin=&#8220;123px||||false|false&#8220; custom_margin_tablet=&#8220;&#8220; custom_margin_phone=&#8220;&#8220; custom_margin_last_edited=&#8220;on|phone&#8220; custom_padding=&#8220;30px|30px|30px|30px|true|true&#8220;]<strong>ZUFLUCHT IN SHANGHAI<\/strong> l\u00e4sst die ehemalige Welt der ca. 20.000 Juden wiedererstehen, die zwischen 1938-41 nach Shanghai fl\u00fcchteten, als letzte und einzige Zufluchtsm\u00f6glichkeit vor den Nazis. Shanghai war damals ein Freihafen und f\u00fcr die Einreise ben\u00f6tigte man weder ein Visum noch einen Pass. Der Film zeigt die kontrastreiche Welt des Shanghai der 30er und 40er Jahre, und wie eine Gruppe von mittellosen Fl\u00fcchtlingen in dieser Metropole von Gl\u00fccksspiel, Verbrechen, Prostitution, Armut und luxuri\u00f6sestem Reichtum neben und mit der chinesischen Bev\u00f6lkerung lebte und \u00fcberlebte.[\/et_pb_text][\/et_pb_column][\/et_pb_row][\/et_pb_section]\n","protected":false},"excerpt":{"rendered":"<p>ZUFLUCHT IN SHANGHAI l\u00e4sst die ehemalige Welt der ca. 20.000 Juden wiedererstehen, die zwischen 1938-41 nach Shanghai fl\u00fcchteten, als letzte und einzige Zufluchtsm\u00f6glichkeit vor den Nazis. Shanghai war damals ein Freihafen und f\u00fcr die Einreise ben\u00f6tigte man weder ein Visum noch einen Pass. Der Film zeigt die kontrastreiche Welt des Shanghai der 30er und 40er [&hellip;]<\/p>\n","protected":false},"author":1,"featured_media":0,"parent":0,"menu_order":0,"comment_status":"closed","ping_status":"closed","template":"","meta":{"_et_pb_use_builder":"on","_et_pb_old_content":"","_et_gb_content_width":"","footnotes":""},"_links":{"self":[{"href":"https:\/\/www.rosdyfilm.com\/port\/wp-json\/wp\/v2\/pages\/27"}],"collection":[{"href":"https:\/\/www.rosdyfilm.com\/port\/wp-json\/wp\/v2\/pages"}],"about":[{"href":"https:\/\/www.rosdyfilm.com\/port\/wp-json\/wp\/v2\/types\/page"}],"author":[{"embeddable":true,"href":"https:\/\/www.rosdyfilm.com\/port\/wp-json\/wp\/v2\/users\/1"}],"replies":[{"embeddable":true,"href":"https:\/\/www.rosdyfilm.com\/port\/wp-json\/wp\/v2\/comments?post=27"}],"version-history":[{"count":4,"href":"https:\/\/www.rosdyfilm.com\/port\/wp-json\/wp\/v2\/pages\/27\/revisions"}],"predecessor-version":[{"id":60,"href":"https:\/\/www.rosdyfilm.com\/port\/wp-json\/wp\/v2\/pages\/27\/revisions\/60"}],"wp:attachment":[{"href":"https:\/\/www.rosdyfilm.com\/port\/wp-json\/wp\/v2\/media?parent=27"}],"curies":[{"name":"wp","href":"https:\/\/api.w.org\/{rel}","templated":true}]}}