{"id":98,"date":"2019-12-14T21:33:32","date_gmt":"2019-12-14T21:33:32","guid":{"rendered":"http:\/\/www.rosdyfilm.com\/nw\/?page_id=98"},"modified":"2019-12-15T22:08:08","modified_gmt":"2019-12-15T22:08:08","slug":"kontakt","status":"publish","type":"page","link":"https:\/\/www.rosdyfilm.com\/nw\/kontakt\/","title":{"rendered":"05 kontakt"},"content":{"rendered":"<p>[et_pb_section fb_built=&#8220;1&#8243; fullwidth=&#8220;on&#8220; _builder_version=&#8220;4.0.9&#8243; background_image=&#8220;http:\/\/www.rosdyfilm.com\/nw\/wp-content\/uploads\/2019\/12\/posteroriginalgroesse.jpg&#8220; hover_enabled=&#8220;0&#8243;][et_pb_fullwidth_header _builder_version=&#8220;4.0.9&#8243; hover_enabled=&#8220;0&#8243; header_fullscreen=&#8220;on&#8220; background_enable_color=&#8220;off&#8220; content_text_color=&#8220;#000000&#8243;]<\/p>\n<h4 style=\"background-color: #ffffff; padding: 10px; width: 300px;\"><span style=\"color: #000000;\">Kontakt<\/span><\/h4>\n<div style=\"background-color: #ffffff; padding-left: 10px; width: 300px; font-size: 10px;\"><em>Eine Produktion von<\/em><\/div>\n<div style=\"background-color: #ffffff; padding-left: 10px; padding-bottom: 10px; width: 300px;\">ROSDY FILM KG<br \/> Lustkandlgasse 51\/4-5<br \/> 1090 Wien<br \/> \u00d6sterreich<br \/> Tel.:+43 1 319 81 42<br \/> office(at)rosdyfilm.com<br \/> <span style=\"color: #000000;\"><a style=\"color: #000000;\" href=\"http:\/\/www.rosdyfilm.com\/\" target=\"_blank\" rel=\"noopener noreferrer\">www.rosdyfilm.com<\/a><\/span><\/div>\n<p>[\/et_pb_fullwidth_header][\/et_pb_section][et_pb_section fb_built=&#8220;1&#8243; _builder_version=&#8220;4.0.9&#8243;][et_pb_row _builder_version=&#8220;4.0.9&#8243;][et_pb_column _builder_version=&#8220;4.0.9&#8243; type=&#8220;4_4&#8243;][et_pb_accordion _builder_version=&#8220;4.0.9&#8243; hover_enabled=&#8220;0&#8243;][et_pb_accordion_item title=&#8220;Impressum&#8220; _builder_version=&#8220;4.0.9&#8243; open=&#8220;on&#8220; hover_enabled=&#8220;0&#8243;]<\/p>\n<p id=\"impressum\"><strong>Impressum<\/strong><\/p>\n<p>Informationspflicht laut \u00a75 E-Commerce Gesetz, \u00a714 Unternehmensgesetzbuch, \u00a763 Gewerbeordnung und Offenlegungspflicht laut \u00a725 Mediengesetz.<\/p>\n<p>ROSDY FILM KG<br \/> Lustkandlgasse 51\/4-5,<br \/> 1090 Wien,<br \/> \u00d6sterreich<\/p>\n<p><strong>Unternehmensgegenstand:<\/strong>\u00a0Filmproduktion<br \/> <strong>UID-Nummer:<\/strong>\u00a0ATU47566307<br \/> <strong>Firmenbuchnummer:<\/strong>\u00a0185302 d<br \/> <strong>Firmenbuchgericht:<\/strong>\u00a0Wien<br \/> <strong>Firmensitz:<\/strong>\u00a0Wien<\/p>\n<p><strong>Tel.:<\/strong>\u00a001 319 81 42<br \/> <strong>E-Mail:<\/strong>\u00a0office(at)<a href=\"http:\/\/rosdyfilm.com\/\">rosdyfilm.com<\/a><\/p>\n<p><strong>Mitglied bei:<\/strong>\u00a0WKO<br \/> <strong>Berufsrecht:<\/strong>\u00a0\u00a7 340 Abs. 5. Gewerbeordnung 1994<\/p>\n<p><strong>Aufsichtsbeh\u00f6rde\/Gewerbebeh\u00f6rde:<\/strong>\u00a0Magistrat der Stadt Wien<br \/> <strong>Berufsbezeichnung:<\/strong>\u00a0Filmproduzent<br \/> <strong>Verleihungsstaat:<\/strong>\u00a0\u00d6sterreich<\/p>\n<p><strong>Vertretungsbefugte und pers\u00f6nlich haftende Gesellschafter<\/strong><br \/> Paul Rosdy<\/p>\n<p><strong>Beteiligungsverh\u00e4ltnisse<\/strong><br \/> Gesellschafter Paul Rosdy, Kommanditist Martin Rosdy<\/p>\n<p>Quelle: Erstellt\u00a0mit dem Impressum Generator von\u00a0<a href=\"http:\/\/firmenwebseiten.at\/\">firmenwebseiten.at<\/a>&lt;<a href=\"https:\/\/www.firmenwebseiten.at\/impressum-generator\/\">https:\/\/www.firmenwebseiten.at\/impressum-generator\/<\/a>&gt; \u00a0in Kooperation mit<a href=\"http:\/\/gemeindeseiten.at\/\">gemeindeseiten.at<\/a>\u00a0&lt;<a href=\"https:\/\/www.gemeindeseiten.at\/\">https:\/\/www.gemeindeseiten.at<\/a>&gt;<br \/> <strong>EU-Streitschlichtung<br \/> <\/strong>Gem\u00e4\u00df Verordnung \u00fcber Online-Streitbeilegung in Verbraucherangelegenheiten (ODR-Verordnung) m\u00f6chten wir Sie \u00fcber die Online-Streitbeilegungsplattform (OS-Plattform) informieren.<br \/> Verbraucher haben die M\u00f6glichkeit, Beschwerden an die Online Streitbeilegungsplattform der Europ\u00e4ischen Kommission unter<a href=\"http:\/\/ec.europa.eu\/odr?tid=221090934\">http:\/\/ec.europa.eu\/odr?tid=221090934<\/a>\u00a0&lt;<a href=\"https:\/\/ec.europa.eu\/consumers\/odr\/main\/index.cfm?event=main.home2.show&amp;lng=DE\">https:\/\/ec.europa.eu\/consumers\/odr\/main\/index.cfm?event=main.home2.show&amp;lng=DE<\/a>&gt; \u00a0zu richten. Die daf\u00fcr notwendigen Kontaktdaten finden Sie oberhalb in unserem Impressum.<\/p>\n<p>Wir m\u00f6chten Sie jedoch darauf hinweisen, dass wir nicht bereit oder verpflichtet sind, an Streitbeilegungsverfahren vor einer Verbraucherschlichtungsstelle teilzunehmen.<br \/> <strong>Haftung f\u00fcr Inhalte dieser Webseite<br \/> <\/strong>Wir entwickeln die Inhalte dieser Webseite st\u00e4ndig weiter und bem\u00fchen uns korrekte und aktuelle Informationen bereitzustellen. Leider k\u00f6nnen wir keine Haftung f\u00fcr die Korrektheit aller Inhalte auf dieser Webseite \u00fcbernehmen, speziell f\u00fcr jene die seitens Dritter bereitgestellt wurden.<\/p>\n<p>Sollten Ihnen problematische oder rechtswidrige Inhalte auffallen, bitten wir Sie uns umgehend zu kontaktieren, Sie finden die Kontaktdaten im Impressum.<br \/> <strong>Haftung f\u00fcr Links auf dieser Webseite<br \/> <\/strong>Unsere Webseite enth\u00e4lt Links zu anderen Webseiten f\u00fcr deren Inhalt wir nicht verantwortlich sind. Haftung f\u00fcr verlinkte Websites besteht laut \u00a7 17 ECG &lt;<a href=\"https:\/\/www.ris.bka.gv.at\/Dokument.wxe?Abfrage=Bundesnormen&amp;Dokumentnummer=NOR40025813&amp;tid=221090934\">https:\/\/www.ris.bka.gv.at\/Dokument.wxe?Abfrage=Bundesnormen&amp;Dokumentnummer=NOR40025813&amp;tid=221090934<\/a>&gt; \u00a0f\u00fcr uns nicht, da wir keine Kenntnis rechtswidriger T\u00e4tigkeiten hatten und haben, uns solche Rechtswidrigkeiten auch bisher nicht aufgefallen sind und wir Links sofort entfernen w\u00fcrden, wenn uns Rechtswidrigkeiten bekannt werden.<\/p>\n<p>Wenn Ihnen rechtswidrige Links auf unserer Website auffallen, bitten wir Sie uns zu kontaktieren, Sie finden die Kontaktdaten im Impressum.<br \/> <strong>Urheberrechtshinweis<br \/> <\/strong>Alle Inhalte dieser Webseite (Bilder, Fotos, Texte, Videos) unterliegen dem Urheberrecht. Falls notwendig, werden wir die unerlaubte Nutzung von Teilen der Inhalte unserer Seite rechtlich verfolgen.<br \/> <strong>Bildernachweis<br \/> <\/strong>Die Bilder, Fotos und Grafiken auf dieser Webseite sind urheberrechtlich gesch\u00fctzt.<\/p>\n<p>Die Bilderrechte liegen bei den folgenden Fotografen und Unternehmen:<\/p>\n<ul>\n<li>Rosdy Film KG<\/li>\n<\/ul>\n<p>[\/et_pb_accordion_item][et_pb_accordion_item title=&#8220;Datenschutzerkl\u00e4rung&#8220; _builder_version=&#8220;4.0.9&#8243; open=&#8220;off&#8220; hover_enabled=&#8220;0&#8243;]<\/p>\n<p id=\"datenschutz\"><strong>Datenschutz<\/strong><\/p>\n<p>Wir haben diese Datenschutzerkl\u00e4rung (Fassung 11.04.2019-221091122) verfasst, um Ihnen gem\u00e4\u00df der Vorgaben der Datenschutz-Grundverordnung (EU) 2016\/679 und dem\u00a0<a href=\"https:\/\/www.ris.bka.gv.at\/GeltendeFassung.wxe?Abfrage=Bundesnormen&amp;Gesetzesnummer=10001597&amp;tid=221091122\">Datenschutzgesetz (DSG)<\/a>\u00a0zu erkl\u00e4ren, welche Informationen wir sammeln, wie wir Daten verwenden und welche Entscheidungsm\u00f6glichkeiten Sie als Besucher dieser Webseite haben.<\/p>\n<p>Leider liegt es in der Natur der Sache, dass diese Erkl\u00e4rungen sehr technisch klingen, wir haben uns bei der Erstellung jedoch bem\u00fcht die wichtigsten Dinge so einfach und klar wie m\u00f6glich zu beschreiben.<\/p>\n<p><strong>Automatische Datenspeicherung<\/strong><\/p>\n<p>Wenn Sie heutzutage Webseiten besuchen, werden gewisse Informationen automatisch erstellt und gespeichert, so auch auf dieser Webseite.<\/p>\n<p>Wenn Sie unsere Webseite so wie jetzt gerade besuchen, speichert unser Webserver (Computer auf dem diese Webseite gespeichert ist) automatisch Daten wie<\/p>\n<ul>\n<li>die Adresse (URL) der aufgerufenen Webseite<\/li>\n<li>Browser und Browserversion<\/li>\n<li>das verwendete Betriebssystem<\/li>\n<li>die Adresse (URL) der zuvor besuchten Seite (Referrer URL)<\/li>\n<li>den Hostname und die IP-Adresse des Ger\u00e4ts von welchem aus zugegriffen wird<\/li>\n<li>Datum und Uhrzeit<\/li>\n<\/ul>\n<p>in Dateien (Webserver-Logfiles).<\/p>\n<p>In der Regel werden Webserver-Logfiles zwei Wochen gespeichert und danach automatisch gel\u00f6scht. Wir geben diese Daten nicht weiter, k\u00f6nnen jedoch nicht ausschlie\u00dfen, dass diese Daten beim Vorliegen von rechtswidrigem Verhalten eingesehen werden.<br \/> Die Rechtsgrundlage besteht nach\u00a0<a href=\"https:\/\/eur-lex.europa.eu\/legal-content\/DE\/TXT\/HTML\/?uri=CELEX:32016R0679&amp;from=DE&amp;tid=221091122\">Artikel 6\u00a0 Absatz 1 f DSGVO<\/a>\u00a0(Rechtm\u00e4\u00dfigkeit der Verarbeitung) darin, dass berechtigtes Interesse daran besteht, den fehlerfreien Betrieb dieser Webseite durch das Erfassen von Webserver-Logfiles zu erm\u00f6glichen.<\/p>\n<p><strong>Rechte laut Datenschutzgrundverordnung<\/strong><\/p>\n<p>Ihnen stehen laut den Bestimmungen der DSGVO und des \u00f6sterreichischen\u00a0<a href=\"https:\/\/www.ris.bka.gv.at\/GeltendeFassung.wxe?Abfrage=Bundesnormen&amp;Gesetzesnummer=10001597&amp;tid=221091122\">Datenschutzgesetzes (DSG)<\/a>\u00a0grunds\u00e4tzlich die folgende Rechte zu:<\/p>\n<ul>\n<li>Recht auf Berichtung (Artikel 16 DSGVO)<\/li>\n<li>Recht auf L\u00f6schung (\u201eRecht auf Vergessenwerden\u201c) (Artikel 17 DSGVO)<\/li>\n<li>Recht auf Einschr\u00e4nkung der Verarbeitung (Artikel 18 DSGVO)<\/li>\n<li>Recht auf Benachrichtigung \u2013 Mitteilungspflicht im Zusammenhang mit der Berichtigung oder L\u00f6schung personenbezogener Daten oder der Einschr\u00e4nkung der Verarbeitung (Artikel 19 DSGVO)<\/li>\n<li>Recht auf Daten\u00fcbertragbarkeit (Artikel 20 DSGVO)<\/li>\n<li>Widerspruchsrecht (Artikel 21 DSGVO)<\/li>\n<li>Recht, nicht einer ausschlie\u00dflich auf einer automatisierten Verarbeitung \u2014 einschlie\u00dflich Profiling \u2014 beruhenden Entscheidung unterworfen zu werden (Artikel 22 DSGVO)<\/li>\n<\/ul>\n<p>Wenn Sie glauben, dass die Verarbeitung Ihrer Daten gegen das Datenschutzrecht verst\u00f6\u00dft oder Ihre datenschutzrechtlichen Anspr\u00fcche sonst in einer Weise verletzt worden sind, k\u00f6nnen Sie sich bei der Aufsichtsbeh\u00f6rde beschweren, welche in \u00d6sterreich die Datenschutzbeh\u00f6rde ist, deren Webseite Sie unter\u00a0<a href=\"https:\/\/www.dsb.gv.at\/?tid=221091122\">https:\/\/www.dsb.gv.at\/<\/a>\u00a0finden.<\/p>\n<p><strong>Auswertung des Besucherverhaltens<\/strong><\/p>\n<p>In der folgenden Datenschutzerkl\u00e4rung informieren wir Sie dar\u00fcber, ob und wie wir Daten Ihres Besuchs dieser Website auswerten. Die Auswertung der gesammelten Daten erfolgt in der Regel anonym und wir k\u00f6nnen von Ihrem Verhalten auf dieser Website nicht auf Ihre Person schlie\u00dfen.<\/p>\n<p>Mehr \u00fcber M\u00f6glichkeiten dieser Auswertung der Besuchsdaten zu widersprechen erfahren Sie in der folgenden Datenschutzerkl\u00e4rung.<\/p>\n<p><strong>TLS-Verschl\u00fcsselung mit https<\/strong><\/p>\n<p>Wir verwenden https um Daten abh\u00f6rsicher im Internet zu \u00fcbertragen (Datenschutz durch Technikgestaltung\u00a0<a href=\"https:\/\/eur-lex.europa.eu\/legal-content\/DE\/TXT\/HTML\/?uri=CELEX:32016R0679&amp;from=DE&amp;tid=221091122\">Artikel 25 Absatz 1 DSGVO<\/a>). Durch den Einsatz von TLS (Transport Layer Security), einem Verschl\u00fcsselungsprotokoll zur sicheren Daten\u00fcbertragung im Internet k\u00f6nnen wir den Schutz vertraulicher Daten sicherstellen. Sie erkennen die Benutzung dieser Absicherung der Daten\u00fcbertragung am kleinen Schlosssymbol links oben im Browser und der Verwendung des Schemas https (anstatt http) als Teil unserer Internetadresse.<\/p>\n<p>Quelle: Erstellt\u00a0mit dem\u00a0<a href=\"https:\/\/www.firmenwebseiten.at\/datenschutz-generator\/\">Datenschutz Generator von firmenwebseiten.at<\/a>\u00a0in Kooperation mit\u00a0<a href=\"https:\/\/www.trigital.at\/\">trigital.at<\/a><\/p>\n<p>&nbsp;<\/p>\n<p>[\/et_pb_accordion_item][\/et_pb_accordion][\/et_pb_column][\/et_pb_row][\/et_pb_section]<\/p>\n","protected":false},"excerpt":{"rendered":"<p>NEUE WELT ist ein Reisefilm \u00fcber das Gestern und das Heute jener Landstriche Mitteleuropas, die einst als B\u00f6hmen, Siebenb\u00fcrgen, Dalmatien, Galizien oder Bukowina Teil der \u00f6sterreichisch-ungarischen Monarchie waren. Der Film reist von der alten Welt in eine neue, von Sarajewo nach Wien und weiter nach Rum\u00e4nien, von Triest in die Bucht von Kotor, von der ungarischen Puszta in die Ukraine. Eine Mischung aus Musik und Geschichten, Legenden und Anekdoten, Ausschnitten aus alten Reisef\u00fchrern und Zeitungen, Filmen und Fotos aus der Zeit um 1900 sowie Szenen aus dem Heute vermittelt ein Bild vom Lebens\u2013 und \u00dcberlebenskampf von Menschen zwischen Traditionen, Ver\u00e4nderungen und Umbr\u00fcchen.<\/p>\n","protected":false},"author":1,"featured_media":0,"parent":0,"menu_order":0,"comment_status":"closed","ping_status":"closed","template":"","meta":{"_et_pb_use_builder":"on","_et_pb_old_content":"","_et_gb_content_width":"","footnotes":""},"class_list":["post-98","page","type-page","status-publish","hentry"],"_links":{"self":[{"href":"https:\/\/www.rosdyfilm.com\/nw\/wp-json\/wp\/v2\/pages\/98","targetHints":{"allow":["GET"]}}],"collection":[{"href":"https:\/\/www.rosdyfilm.com\/nw\/wp-json\/wp\/v2\/pages"}],"about":[{"href":"https:\/\/www.rosdyfilm.com\/nw\/wp-json\/wp\/v2\/types\/page"}],"author":[{"embeddable":true,"href":"https:\/\/www.rosdyfilm.com\/nw\/wp-json\/wp\/v2\/users\/1"}],"replies":[{"embeddable":true,"href":"https:\/\/www.rosdyfilm.com\/nw\/wp-json\/wp\/v2\/comments?post=98"}],"version-history":[{"count":5,"href":"https:\/\/www.rosdyfilm.com\/nw\/wp-json\/wp\/v2\/pages\/98\/revisions"}],"predecessor-version":[{"id":191,"href":"https:\/\/www.rosdyfilm.com\/nw\/wp-json\/wp\/v2\/pages\/98\/revisions\/191"}],"wp:attachment":[{"href":"https:\/\/www.rosdyfilm.com\/nw\/wp-json\/wp\/v2\/media?parent=98"}],"curies":[{"name":"wp","href":"https:\/\/api.w.org\/{rel}","templated":true}]}}