{"id":66,"date":"2019-12-14T20:09:11","date_gmt":"2019-12-14T20:09:11","guid":{"rendered":"http:\/\/www.rosdyfilm.com\/nw\/?page_id=66"},"modified":"2019-12-14T20:11:34","modified_gmt":"2019-12-14T20:11:34","slug":"interview","status":"publish","type":"page","link":"https:\/\/www.rosdyfilm.com\/nw\/interview\/","title":{"rendered":"01 ueber den Film &#8211; 03 interview"},"content":{"rendered":"<p>[et_pb_section fb_built=&#8220;1&#8243; _builder_version=&#8220;4.0.9&#8243; background_image=&#8220;http:\/\/www.rosdyfilm.com\/nw\/wp-content\/uploads\/2019\/12\/posteroriginalgroesse.jpg&#8220;][et_pb_row _builder_version=&#8220;4.0.9&#8243; background_color=&#8220;rgba(255,255,255,0.9)&#8220; custom_margin=&#8220;74px||180px||false|false&#8220; custom_margin_tablet=&#8220;46px||46px||true|false&#8220; custom_margin_phone=&#8220;43px||43px||true|false&#8220; custom_margin_last_edited=&#8220;on|desktop&#8220; custom_padding=&#8220;30px|30px|30px|30px|true|true&#8220; hover_enabled=&#8220;0&#8243;][et_pb_column type=&#8220;4_4&#8243; _builder_version=&#8220;4.0.9&#8243;][et_pb_text _builder_version=&#8220;4.0.9&#8243; hover_enabled=&#8220;0&#8243;]<\/p>\n<p><strong><em>Was war der Anlass, einen Blick auf die Zeit um 1900 zu werfen und sie mit der Gegenwart zu vergleichen?<\/em><\/strong><\/p>\n<p>Paul Rosdy: Die Jahrhundertwende stellt f\u00fcr jemanden, der aus Wien kommt und hier lebt, eine Epoche dar, in der Entscheidendes passiert ist. Diese Zeit wollte ich besser kennen lernen und dazu brauchte ich Prim\u00e4rquellen. Man kann aber kaum noch Zeitzeugen befragen! Nat\u00fcrlich kann man in der Literatur nachlesen, aber ich wollte die charaktervollen Nebens\u00e4chlichkeiten, die Dinge die scheinbar unwichtig sind, aber dennoch ein Gef\u00fchl f\u00fcr die Zeit und Sprache vermitteln, besser kennen lernen. Die Tageszeitungen aus dieser Zeit sind daf\u00fcr sehr geeignet.<\/p>\n<p>Und dann wollte ich mir dieses gro\u00dfe Gebilde in der Mitte Europas, \u00d6sterreich-Ungarn, im Heute ansehen. Nicht nur schauen und vergleichen, sondern vor allem Leute und ihre Gewohnheiten, Traditionen, Sorgen, Probleme und Geschichten kennen lernen. Vor 100 Jahren war das alles ein gro\u00dfes Land. Wien war die Hauptstadt. Und mir wurde bewusst, dass ich eigentlich kaum etwas dar\u00fcber wei\u00df.<\/p>\n<p><strong><em>Was bedeutet f\u00fcr Sie \u201eNeue Welt\u201c?<\/em><\/strong><\/p>\n<p>Paul Rosdy: Neue Welt ist immer ein Gebiet gewesen, wo Leute ein neues Leben begannen, beginnen mussten. Das passierte sehr wohl auch in der \u201ealten\u201c Monarchie. F\u00fcr mich tr\u00e4gt<span>\u00a0<\/span><em>Neue Welt<span>\u00a0<\/span><\/em>etwas \u00d6ffnendes in sich. Diese alten Filme und Texte waren f\u00fcr mich eine neue Welt, die Menschen, die Sprachen, all dies erweiterte erheblich meinen Horizont.<\/p>\n<p><strong><em>Was f\u00fcr eine Rolle spielt die Musik im Film?<\/em><\/strong><\/p>\n<p>Paul Rosdy: Ich liebe Musik und wollte sie immer als tragendes Element im Film haben. Ich spreche all diese Sprachen nicht, aber \u00fcber die Musik kann man sich sehr gut verst\u00e4ndigen. Sie ber\u00fchrt alle Menschen, ob man den Text nun versteht oder nicht. Man denkt an sein eigenes Leben und an das anderer und man stellt sich die Frage: What is this life, this life I\u00b4m in? So sch\u00f6n und schrecklich zugleich&#8230; so traurig und hoffnungsvoll zugleich. Ich wollte einen Film machen, der diese Gef\u00fchle vermittelt, Gef\u00fchle die wir alle in uns tragen.<\/p>\n<p><strong><em>Die Szene in Stanislau geht aber doch \u00fcber das Allt\u00e4gliche hinaus. Hier geht es um ein konkretes Ereignis der j\u00fcngeren Geschichte, um das Schicksal der j\u00fcdischen Bev\u00f6lkerung.<\/em><\/strong><\/p>\n<p>Paul Rosdy: Man vergleicht die Zeit um 1900 mit dem Heute und sucht nach dem Dazwischen, nach Antworten. Das Dazwischen, die Mitte, war der Zweite Weltkrieg, die Judenvernichtung und der Kommunismus. Diese einschneidenden historischen Tatsachen waren nicht das Thema des Films, aber man sp\u00fcrt und f\u00fchlt, wie sie im t\u00e4glichen Leben, im Heute nachwirken.<\/p>\n<p>[\/et_pb_text][\/et_pb_column][\/et_pb_row][\/et_pb_section]<\/p>\n","protected":false},"excerpt":{"rendered":"<p>NEUE WELT ist ein Reisefilm \u00fcber das Gestern und das Heute jener Landstriche Mitteleuropas, die einst als B\u00f6hmen, Siebenb\u00fcrgen, Dalmatien, Galizien oder Bukowina Teil der \u00f6sterreichisch-ungarischen Monarchie waren. Der Film reist von der alten Welt in eine neue, von Sarajewo nach Wien und weiter nach Rum\u00e4nien, von Triest in die Bucht von Kotor, von der ungarischen Puszta in die Ukraine. Eine Mischung aus Musik und Geschichten, Legenden und Anekdoten, Ausschnitten aus alten Reisef\u00fchrern und Zeitungen, Filmen und Fotos aus der Zeit um 1900 sowie Szenen aus dem Heute vermittelt ein Bild vom Lebens\u2013 und \u00dcberlebenskampf von Menschen zwischen Traditionen, Ver\u00e4nderungen und Umbr\u00fcchen.<\/p>\n","protected":false},"author":1,"featured_media":0,"parent":0,"menu_order":0,"comment_status":"closed","ping_status":"closed","template":"","meta":{"_et_pb_use_builder":"on","_et_pb_old_content":"","_et_gb_content_width":"","footnotes":""},"class_list":["post-66","page","type-page","status-publish","hentry"],"_links":{"self":[{"href":"https:\/\/www.rosdyfilm.com\/nw\/wp-json\/wp\/v2\/pages\/66","targetHints":{"allow":["GET"]}}],"collection":[{"href":"https:\/\/www.rosdyfilm.com\/nw\/wp-json\/wp\/v2\/pages"}],"about":[{"href":"https:\/\/www.rosdyfilm.com\/nw\/wp-json\/wp\/v2\/types\/page"}],"author":[{"embeddable":true,"href":"https:\/\/www.rosdyfilm.com\/nw\/wp-json\/wp\/v2\/users\/1"}],"replies":[{"embeddable":true,"href":"https:\/\/www.rosdyfilm.com\/nw\/wp-json\/wp\/v2\/comments?post=66"}],"version-history":[{"count":2,"href":"https:\/\/www.rosdyfilm.com\/nw\/wp-json\/wp\/v2\/pages\/66\/revisions"}],"predecessor-version":[{"id":69,"href":"https:\/\/www.rosdyfilm.com\/nw\/wp-json\/wp\/v2\/pages\/66\/revisions\/69"}],"wp:attachment":[{"href":"https:\/\/www.rosdyfilm.com\/nw\/wp-json\/wp\/v2\/media?parent=66"}],"curies":[{"name":"wp","href":"https:\/\/api.w.org\/{rel}","templated":true}]}}