{"id":416,"date":"2019-12-22T22:29:15","date_gmt":"2019-12-22T22:29:15","guid":{"rendered":"http:\/\/www.rosdyfilm.com\/nw\/?page_id=416"},"modified":"2019-12-22T22:29:15","modified_gmt":"2019-12-22T22:29:15","slug":"villagevoice-en","status":"publish","type":"page","link":"https:\/\/www.rosdyfilm.com\/nw\/en\/villagevoice-en\/","title":{"rendered":"04 presse &#8211; kritik &#8211; villagevoice EN"},"content":{"rendered":"\n\n[et_pb_section fb_built=&#8220;1&#8243; _builder_version=&#8220;4.0.9&#8243; background_image=&#8220;http:\/\/www.rosdyfilm.com\/nw\/wp-content\/uploads\/2019\/12\/posteroriginalgroesse.jpg&#8220;][et_pb_row _builder_version=&#8220;4.0.9&#8243; background_color=&#8220;rgba(255,255,255,0.9)&#8220; custom_margin=&#8220;74px||180px||false|false&#8220; custom_margin_tablet=&#8220;46px||46px||true|false&#8220; custom_margin_phone=&#8220;43px||43px||true|false&#8220; custom_margin_last_edited=&#8220;on|desktop&#8220; custom_padding=&#8220;30px|30px|30px|30px|true|true&#8220;][et_pb_column type=&#8220;4_4&#8243; _builder_version=&#8220;4.0.9&#8243;][et_pb_text _builder_version=&#8220;4.0.9&#8243; hover_enabled=&#8220;0&#8243;]<span lang=\"en-GB\"><strong>What&#8217;s Up, Docs: MOMA&#8217;s Sixth Annual Nonfiction Festival<\/strong>\n<strong>Documentary Fortnight Expanded<\/strong>\nFebruary 7th, 2006 11:00 AM<\/span>\n\n<span lang=\"en-GB\">Paul Rosdy&#8217;s<span>\u00a0<\/span><em>New World<\/em><span>\u00a0<\/span>(2005) is a unique, 35mm sojurn through Eastern Europe, from Mostar to Sarajevo to Vienna, and from the last days of the Austro-Hungarian empire to the present (the geographic overlaps are a favorite motif), encompassing barrels of lingering Hapsburg- era history, old news stories, archival footage, work-life, and constant explosions of ethnic music. Rosdy&#8217;s thesis is up for grabs, but he captures the landscape of history on a workingman&#8217;s level, and for that I&#8217;d happily belly up to a five-hour work print.<\/span>\n<p align=\"right\"><em><span lang=\"en-GB\">Mark Atkinson, The Village Voice, February 7th, 2006<\/span><\/em><\/p>[\/et_pb_text][\/et_pb_column][\/et_pb_row][\/et_pb_section]\n\n","protected":false},"excerpt":{"rendered":"<p>NEUE WELT ist ein Reisefilm \u00fcber das Gestern und das Heute jener Landstriche Mitteleuropas, die einst als B\u00f6hmen, Siebenb\u00fcrgen, Dalmatien, Galizien oder Bukowina Teil der \u00f6sterreichisch-ungarischen Monarchie waren. Der Film reist von der alten Welt in eine neue, von Sarajewo nach Wien und weiter nach Rum\u00e4nien, von Triest in die Bucht von Kotor, von der ungarischen Puszta in die Ukraine. Eine Mischung aus Musik und Geschichten, Legenden und Anekdoten, Ausschnitten aus alten Reisef\u00fchrern und Zeitungen, Filmen und Fotos aus der Zeit um 1900 sowie Szenen aus dem Heute vermittelt ein Bild vom Lebens\u2013 und \u00dcberlebenskampf von Menschen zwischen Traditionen, Ver\u00e4nderungen und Umbr\u00fcchen.<\/p>\n","protected":false},"author":1,"featured_media":0,"parent":0,"menu_order":0,"comment_status":"closed","ping_status":"closed","template":"","meta":{"_et_pb_use_builder":"on","_et_pb_old_content":"","_et_gb_content_width":"","footnotes":""},"class_list":["post-416","page","type-page","status-publish","hentry"],"_links":{"self":[{"href":"https:\/\/www.rosdyfilm.com\/nw\/wp-json\/wp\/v2\/pages\/416","targetHints":{"allow":["GET"]}}],"collection":[{"href":"https:\/\/www.rosdyfilm.com\/nw\/wp-json\/wp\/v2\/pages"}],"about":[{"href":"https:\/\/www.rosdyfilm.com\/nw\/wp-json\/wp\/v2\/types\/page"}],"author":[{"embeddable":true,"href":"https:\/\/www.rosdyfilm.com\/nw\/wp-json\/wp\/v2\/users\/1"}],"replies":[{"embeddable":true,"href":"https:\/\/www.rosdyfilm.com\/nw\/wp-json\/wp\/v2\/comments?post=416"}],"version-history":[{"count":2,"href":"https:\/\/www.rosdyfilm.com\/nw\/wp-json\/wp\/v2\/pages\/416\/revisions"}],"predecessor-version":[{"id":418,"href":"https:\/\/www.rosdyfilm.com\/nw\/wp-json\/wp\/v2\/pages\/416\/revisions\/418"}],"wp:attachment":[{"href":"https:\/\/www.rosdyfilm.com\/nw\/wp-json\/wp\/v2\/media?parent=416"}],"curies":[{"name":"wp","href":"https:\/\/api.w.org\/{rel}","templated":true}]}}