{"id":410,"date":"2019-12-22T22:26:13","date_gmt":"2019-12-22T22:26:13","guid":{"rendered":"http:\/\/www.rosdyfilm.com\/nw\/?page_id=410"},"modified":"2019-12-22T22:26:34","modified_gmt":"2019-12-22T22:26:34","slug":"krone-en","status":"publish","type":"page","link":"https:\/\/www.rosdyfilm.com\/nw\/en\/krone-en\/","title":{"rendered":"04 presse &#8211; kritik &#8211; krone EN"},"content":{"rendered":"\n\n\n[et_pb_section fb_built=&#8220;1&#8243; _builder_version=&#8220;4.0.9&#8243; background_image=&#8220;http:\/\/www.rosdyfilm.com\/nw\/wp-content\/uploads\/2019\/12\/posteroriginalgroesse.jpg&#8220;][et_pb_row _builder_version=&#8220;4.0.9&#8243; background_color=&#8220;rgba(255,255,255,0.9)&#8220; custom_margin=&#8220;74px||180px||false|false&#8220; custom_margin_tablet=&#8220;46px||46px||true|false&#8220; custom_margin_phone=&#8220;43px||43px||true|false&#8220; custom_margin_last_edited=&#8220;on|desktop&#8220; custom_padding=&#8220;30px|30px|30px|30px|true|true&#8220;][et_pb_column type=&#8220;4_4&#8243; _builder_version=&#8220;4.0.9&#8243;][et_pb_text _builder_version=&#8220;4.0.9&#8243; hover_enabled=&#8220;0&#8243;]<table width=\"490\" border=\"0\" cellspacing=\"0\" cellpadding=\"0\">\n<tbody>\n<tr>\n<td>\n<p><em>Ernst Trost, &#8222;Neue Kronen-Zeitung&#8220; vom 26.01.2006<\/em><\/p>\n<p><strong>Von den galizischen \u00d6lfeldern las ich zum ersten Mal in Musils&#8230;<\/strong><\/p>\n<p>\u00a0\u00a0\u00a0Von den galizischen \u00d6lfeldern las ich zum ersten Mal in Musils &#8222;Mann ohne Eigenschaften&#8220;. Aber bei meiner Suche nach dem, was vom Doppeladler blieb, habe ich es leider nie bis nach Stanislau, dem ukrainischen Ivano Frankivsk, geschafft. Nun erlebte ich diese einstige &#8222;schwarze H\u00f6lle&#8220; im Kino, durch Paul Rosdys &#8222;Neue Welt&#8220;, einen sensiblen Dokumentarfilm, der in der alten Welt der Donaumonarchie das Neue sucht, und doch immer die Erinnerung an den untergegangenen Vielv\u00f6lkerstaat mitschwingen l\u00e4sst.<\/p>\n<p>\u00a0\u00a0\u00a0Der Muezzin von Mostar, rum\u00e4nische Waldarbeiter im winterlichen Siebenb\u00fcrgen mit ihren rauen Liedern, das Fest der Seemannsbruderschaft in Kotor, Zigeunermusiker irgendwo in der Puszta, die Studenten der Stanislauer \u00d6lfachschule, von der Historie belasteter Alltag in Sarajewo, der Alte in Czernowitz, der noch Joseph Schmidt gekannt hat und mit zittriger Stimme dessen Schlager &#8222;Wenn du jung bist, geh\u00f6rt dir die Welt&#8220; singt, dazu als Kontrapunkt das harte Leben der Busfahrerin in der von k. u. k. Mythen erf\u00fcllten Bukowina-Hauptstadt.<\/p>\n<p>\u00a0\u00a0\u00a0Gesichter, Geschichten, b\u00f6se und gute Geschichte, Ges\u00e4nge, ein Gewirr von Sprachen: Deutsch, Rum\u00e4nisch, Serbisch, Englisch, Ungarisch, Ukrainisch, Russisch. Zwischen die neuen Wirklichkeiten sind rare Archivfilme von damals geschnitten. Diese wundersame mitteleurop\u00e4ische Wanderung gemahnt uns heute, da so viele vor jeglicher EU-Erweiterung bangen, wie nah uns dieser weite Raum doch ist und wie sehr er zu uns geh\u00f6rt . . .<\/p>\n<p>\u00a0\u00a0\u00a0Neue alte Welt<\/p>\n<\/td>\n<\/tr>\n<\/tbody>\n<\/table>\n[\/et_pb_text][\/et_pb_column][\/et_pb_row][\/et_pb_section]\n\n\n","protected":false},"excerpt":{"rendered":"<p>NEUE WELT ist ein Reisefilm \u00fcber das Gestern und das Heute jener Landstriche Mitteleuropas, die einst als B\u00f6hmen, Siebenb\u00fcrgen, Dalmatien, Galizien oder Bukowina Teil der \u00f6sterreichisch-ungarischen Monarchie waren. Der Film reist von der alten Welt in eine neue, von Sarajewo nach Wien und weiter nach Rum\u00e4nien, von Triest in die Bucht von Kotor, von der ungarischen Puszta in die Ukraine. Eine Mischung aus Musik und Geschichten, Legenden und Anekdoten, Ausschnitten aus alten Reisef\u00fchrern und Zeitungen, Filmen und Fotos aus der Zeit um 1900 sowie Szenen aus dem Heute vermittelt ein Bild vom Lebens\u2013 und \u00dcberlebenskampf von Menschen zwischen Traditionen, Ver\u00e4nderungen und Umbr\u00fcchen.<\/p>\n","protected":false},"author":1,"featured_media":0,"parent":0,"menu_order":0,"comment_status":"closed","ping_status":"closed","template":"","meta":{"_et_pb_use_builder":"on","_et_pb_old_content":"","_et_gb_content_width":"","footnotes":""},"class_list":["post-410","page","type-page","status-publish","hentry"],"_links":{"self":[{"href":"https:\/\/www.rosdyfilm.com\/nw\/wp-json\/wp\/v2\/pages\/410","targetHints":{"allow":["GET"]}}],"collection":[{"href":"https:\/\/www.rosdyfilm.com\/nw\/wp-json\/wp\/v2\/pages"}],"about":[{"href":"https:\/\/www.rosdyfilm.com\/nw\/wp-json\/wp\/v2\/types\/page"}],"author":[{"embeddable":true,"href":"https:\/\/www.rosdyfilm.com\/nw\/wp-json\/wp\/v2\/users\/1"}],"replies":[{"embeddable":true,"href":"https:\/\/www.rosdyfilm.com\/nw\/wp-json\/wp\/v2\/comments?post=410"}],"version-history":[{"count":1,"href":"https:\/\/www.rosdyfilm.com\/nw\/wp-json\/wp\/v2\/pages\/410\/revisions"}],"predecessor-version":[{"id":411,"href":"https:\/\/www.rosdyfilm.com\/nw\/wp-json\/wp\/v2\/pages\/410\/revisions\/411"}],"wp:attachment":[{"href":"https:\/\/www.rosdyfilm.com\/nw\/wp-json\/wp\/v2\/media?parent=410"}],"curies":[{"name":"wp","href":"https:\/\/api.w.org\/{rel}","templated":true}]}}