{"id":403,"date":"2019-12-22T22:21:51","date_gmt":"2019-12-22T22:21:51","guid":{"rendered":"http:\/\/www.rosdyfilm.com\/nw\/?page_id=403"},"modified":"2019-12-22T22:24:10","modified_gmt":"2019-12-22T22:24:10","slug":"allesfilm-en","status":"publish","type":"page","link":"https:\/\/www.rosdyfilm.com\/nw\/en\/allesfilm-en\/","title":{"rendered":"04 presse &#8211; kritik &#8211; allesfilm EN"},"content":{"rendered":"\n\n\n\n\n[et_pb_section fb_built=&#8220;1&#8243; _builder_version=&#8220;4.0.9&#8243; background_image=&#8220;http:\/\/www.rosdyfilm.com\/nw\/wp-content\/uploads\/2019\/12\/posteroriginalgroesse.jpg&#8220;][et_pb_row _builder_version=&#8220;4.0.9&#8243; background_color=&#8220;rgba(255,255,255,0.9)&#8220; custom_margin=&#8220;74px||180px||false|false&#8220; custom_margin_tablet=&#8220;46px||46px||true|false&#8220; custom_margin_phone=&#8220;43px||43px||true|false&#8220; custom_margin_last_edited=&#8220;on|desktop&#8220; custom_padding=&#8220;30px|30px|30px|30px|true|true&#8220;][et_pb_column type=&#8220;4_4&#8243; _builder_version=&#8220;4.0.9&#8243;][et_pb_text _builder_version=&#8220;4.0.9&#8243; hover_enabled=&#8220;0&#8243;]<table width=\"490\" border=\"0\" cellspacing=\"0\" cellpadding=\"0\">\n<tbody>\n<tr>\n<td>Allesfilm.com, J\u00e4nner 2006\n\n<strong>Augenblick verweile&#8230;<\/strong>\n<em>Im Buffet dal Pepi in Triest wird heute noch wie Anno 1897 das Fleisch in die Semmeln ges\u00e4belt&#8230; Ein Reisefilm sucht im gar nicht so verblichenen Vielv\u00f6lkerstaat \u00d6sterreich-Ungarn nach Konstanten im Rahmen der bewegten Zeiten.<\/em>\n<div align=\"right\"><em>betrachtet von Thomas Taborsky<\/em><\/div>\n<strong>Kritik<\/strong>\n87 Jahre keine Donaumonarchie mehr, doch sie hallt best\u00e4ndig wider.<span>\u00a0<\/span><em>Paul Rosdys<\/em><span>\u00a0<\/span>Impressionsreigen, der quer durch die ehemaligen k.u.k. Kronl\u00e4nder f\u00fchrt, nennt sich selbst Reisefilm, weshalb auch \u00f6fters im F\u00fchrerhaus von Bus und Bahn die Strecke unter der Kamera dahin rollt. Die alten Reisef\u00fchrer von 1910 f\u00fchren selbst heute noch zu vielen Bauten, Relikten und Fragmenten des Kaiserreichs, so wie Schnipsel aus l\u00e4ngst vergessenen Zeitungen mit den Worten der Vergangenheit heutige Bilder umschreiben k\u00f6nnen und ihnen Konstanz \u00fcber die Zeiten verleihen. Der Zuschauer wird dabei unweigerlich zum Reisenden, der sich auf eine Fahrt ins Unbekannte begibt, sich treiben l\u00e4sst.\n<div>\n<div align=\"center\"><img loading=\"lazy\" decoding=\"async\" src=\"http:\/\/www.rosdyfilm.com\/nw\/wp-content\/uploads\/2019\/12\/anastassija.jpg\" alt=\"test\" width=\"399\" height=\"267\" \/><\/div>\n<div align=\"center\">\n\n<span class=\"style8\">Die Brauchtumspflege ist ein wichtiger Teil im Leben\nder Philosophiestudentin Anastassija.<\/span>\n\n&nbsp;\n\n<\/div>\n<\/div>\nAuch das Verweilen an den Destinationen wird immer l\u00e4nger; Eingehender wird der Blick auf das, was neu ist und das, was \u00fcberdauert hat. Dabei wird schnell eines klar: Die Menschen selbst scheinen in ihrem Tun unber\u00fchrt von Politik und M\u00e4chtigen. Sie haben noch immer ihre Lieder auf den Lippen, haben ihre Vereine, ihr Handwerk und m\u00fcssen sich oft noch immer sorgen, wie sie ihr Auskommen finden. Die Zeit, die nach dem Untergang der Monarchie kam, sie war nicht besser. Sie brachte den Holocaust, die Unterdr\u00fcckung des Kommunismus und Kriege zwischen den Nationalit\u00e4ten. Bitter ist die Ironie, dass sie, die Neue Welt, die dem Film den Namen gab, als Ghetto in Ivano-Frankivsk, ehemals Stanislau, auftaucht, aus dem die Todesgasse in die Vernichtung f\u00fchrte.\n\nMehr und mehr wendet sich<span>\u00a0<\/span><em>Rosdys<\/em><span>\u00a0<\/span>Blick vom Kolorit, vom Schrulligen, zu bedr\u00fcckenderen Themen, h\u00e4lt jedoch mit der Faszination an den Menschen, die er am Weg trifft, die Balance. Der Nostalgie-Falle, dem wenn auch leisen Nachtrauern um den Vielv\u00f6lkerstaat, kann er zwar nicht entkommen; Er zeigt jedoch auch, dass die Zeit bereits weitere Schichten \u00fcber die L\u00e4nder gesp\u00fclt hat, Schichten, die f\u00fcr die dort Lebenden Teil dessen geworden sind, was im weiteren Sinne Identit\u00e4t stiften kann. Im eigentlichen Sinne &#8211; und das zeigt<span>\u00a0<\/span><em>Rosdy<\/em><span>\u00a0<\/span>eindringlich &#8211; sind es jedoch nicht Oberh\u00e4upter oder Fahnen, die dies tun, sondern Gemeinschaften: Verb\u00e4nde, die sich gegenseitig helfen, die gemeinsam arbeiten, feiern und singen. Oder noch kleiner: der heimische Herd einer ukrainischen O-Busfahrerin, an dem Neue Welt endet &#8211; Familie als Identit\u00e4t, die Anekdoten \u00fcber Kofferreisende, Zukunftsspekulationen oder gar ein Gro\u00dfreich jederzeit \u00fcberfl\u00fcgeln kann.<\/td>\n<\/tr>\n<\/tbody>\n<\/table>[\/et_pb_text][\/et_pb_column][\/et_pb_row][\/et_pb_section]\n\n\n\n\n","protected":false},"excerpt":{"rendered":"<p>NEUE WELT ist ein Reisefilm \u00fcber das Gestern und das Heute jener Landstriche Mitteleuropas, die einst als B\u00f6hmen, Siebenb\u00fcrgen, Dalmatien, Galizien oder Bukowina Teil der \u00f6sterreichisch-ungarischen Monarchie waren. Der Film reist von der alten Welt in eine neue, von Sarajewo nach Wien und weiter nach Rum\u00e4nien, von Triest in die Bucht von Kotor, von der ungarischen Puszta in die Ukraine. Eine Mischung aus Musik und Geschichten, Legenden und Anekdoten, Ausschnitten aus alten Reisef\u00fchrern und Zeitungen, Filmen und Fotos aus der Zeit um 1900 sowie Szenen aus dem Heute vermittelt ein Bild vom Lebens\u2013 und \u00dcberlebenskampf von Menschen zwischen Traditionen, Ver\u00e4nderungen und Umbr\u00fcchen.<\/p>\n","protected":false},"author":1,"featured_media":0,"parent":0,"menu_order":0,"comment_status":"closed","ping_status":"closed","template":"","meta":{"_et_pb_use_builder":"on","_et_pb_old_content":"","_et_gb_content_width":"","footnotes":""},"class_list":["post-403","page","type-page","status-publish","hentry"],"_links":{"self":[{"href":"https:\/\/www.rosdyfilm.com\/nw\/wp-json\/wp\/v2\/pages\/403","targetHints":{"allow":["GET"]}}],"collection":[{"href":"https:\/\/www.rosdyfilm.com\/nw\/wp-json\/wp\/v2\/pages"}],"about":[{"href":"https:\/\/www.rosdyfilm.com\/nw\/wp-json\/wp\/v2\/types\/page"}],"author":[{"embeddable":true,"href":"https:\/\/www.rosdyfilm.com\/nw\/wp-json\/wp\/v2\/users\/1"}],"replies":[{"embeddable":true,"href":"https:\/\/www.rosdyfilm.com\/nw\/wp-json\/wp\/v2\/comments?post=403"}],"version-history":[{"count":1,"href":"https:\/\/www.rosdyfilm.com\/nw\/wp-json\/wp\/v2\/pages\/403\/revisions"}],"predecessor-version":[{"id":405,"href":"https:\/\/www.rosdyfilm.com\/nw\/wp-json\/wp\/v2\/pages\/403\/revisions\/405"}],"wp:attachment":[{"href":"https:\/\/www.rosdyfilm.com\/nw\/wp-json\/wp\/v2\/media?parent=403"}],"curies":[{"name":"wp","href":"https:\/\/api.w.org\/{rel}","templated":true}]}}