{"id":364,"date":"2019-12-22T20:53:39","date_gmt":"2019-12-22T20:53:39","guid":{"rendered":"http:\/\/www.rosdyfilm.com\/nw\/?page_id=364"},"modified":"2019-12-22T20:55:39","modified_gmt":"2019-12-22T20:55:39","slug":"interview-en","status":"publish","type":"page","link":"https:\/\/www.rosdyfilm.com\/nw\/en\/interview-en\/","title":{"rendered":"01 ueber den Film &#8211; 03 interview EN"},"content":{"rendered":"<p>[et_pb_section fb_built=&#8220;1&#8243; _builder_version=&#8220;4.0.9&#8243; background_image=&#8220;http:\/\/www.rosdyfilm.com\/nw\/wp-content\/uploads\/2019\/12\/posteroriginalgroesse.jpg&#8220;][et_pb_row _builder_version=&#8220;4.0.9&#8243; background_color=&#8220;rgba(255,255,255,0.9)&#8220; custom_margin=&#8220;74px||180px||false|false&#8220; custom_margin_tablet=&#8220;46px||46px||true|false&#8220; custom_margin_phone=&#8220;43px||43px||true|false&#8220; custom_margin_last_edited=&#8220;on|desktop&#8220; custom_padding=&#8220;30px|30px|30px|30px|true|true&#8220;][et_pb_column type=&#8220;4_4&#8243; _builder_version=&#8220;4.0.9&#8243;][et_pb_text _builder_version=&#8220;4.0.9&#8243; hover_enabled=&#8220;0&#8243;]<\/p>\n<p><strong>What was the reason to look at the time around 1900 and compare it to the present time?<\/strong><\/p>\n<p>The turn of the century is for someone like me, who comes from Vienna and lives here, an epoch in which decisive things have happened. I wanted to get to know this time better, and for this I needed first-hand sources. You can&#8217;t interview someone from this period, you can read the literature, but I wanted to get a sense for \u201ceveryday life\u201d and get a feeling for the language of the time through what was written in the newspapers.<\/p>\n<p>And then I wanted to look at this region as it is in the present time. But not only look and compare, but get to know people and their daily routines, their traditions, worries, stories and joys. About a 100 years ago this area was all one big country. Vienna was the capital. And I realized that I hardly knew anything about it.<\/p>\n<p><strong>What does<span>\u00a0<\/span><\/strong><strong>New World<span>\u00a0<\/span><\/strong><strong>mean for you?<\/strong><\/p>\n<p>Paul Rosdy: New World is always a region where people are drawn to start a new life. That happened very much in the Austro-Hungarian Monarchy. For me \u201cNew World\u201d is a mind opener. The old films and old texts were for me a new world, the people, the languages, all opened a new horizon for me.<\/p>\n<p><strong>Big theme in the film is the music.<\/strong><\/p>\n<p>I love music and always wanted it as a strong theme in the film. I don&#8217;t know all these languages, but one can communicate through music very well. It touches all the people, whether or not you understand the text. You think about your own life and the life of others and you ask yourself: What is this life, this life I&#8217;m in? So beautiful and terrible at the same time\u2026 so sad and hopeful at the same time. I wanted to make a film that carries these feelings, feelings that we all carry in us.<\/p>\n<p><strong>The episode in Stanislau goes beyond regular capturing of everyday life, here it goes about the more recent history and the destiny of the Jewish people in this town.<\/strong><\/p>\n<p>You look at 1900 and today and try to find an explanation, and the answers are meeting in the middle. From a political and historical perspective the middle was the Holocaust, followed by Communism. These decisive historical events were not the subject of the film, but they are very much to be felt in everyday life \u2013 today.<\/p>\n<p>[\/et_pb_text][\/et_pb_column][\/et_pb_row][\/et_pb_section]<\/p>\n","protected":false},"excerpt":{"rendered":"<p>NEUE WELT ist ein Reisefilm \u00fcber das Gestern und das Heute jener Landstriche Mitteleuropas, die einst als B\u00f6hmen, Siebenb\u00fcrgen, Dalmatien, Galizien oder Bukowina Teil der \u00f6sterreichisch-ungarischen Monarchie waren. Der Film reist von der alten Welt in eine neue, von Sarajewo nach Wien und weiter nach Rum\u00e4nien, von Triest in die Bucht von Kotor, von der ungarischen Puszta in die Ukraine. Eine Mischung aus Musik und Geschichten, Legenden und Anekdoten, Ausschnitten aus alten Reisef\u00fchrern und Zeitungen, Filmen und Fotos aus der Zeit um 1900 sowie Szenen aus dem Heute vermittelt ein Bild vom Lebens\u2013 und \u00dcberlebenskampf von Menschen zwischen Traditionen, Ver\u00e4nderungen und Umbr\u00fcchen.<\/p>\n","protected":false},"author":1,"featured_media":0,"parent":0,"menu_order":0,"comment_status":"closed","ping_status":"closed","template":"","meta":{"_et_pb_use_builder":"on","_et_pb_old_content":"","_et_gb_content_width":"","footnotes":""},"class_list":["post-364","page","type-page","status-publish","hentry"],"_links":{"self":[{"href":"https:\/\/www.rosdyfilm.com\/nw\/wp-json\/wp\/v2\/pages\/364","targetHints":{"allow":["GET"]}}],"collection":[{"href":"https:\/\/www.rosdyfilm.com\/nw\/wp-json\/wp\/v2\/pages"}],"about":[{"href":"https:\/\/www.rosdyfilm.com\/nw\/wp-json\/wp\/v2\/types\/page"}],"author":[{"embeddable":true,"href":"https:\/\/www.rosdyfilm.com\/nw\/wp-json\/wp\/v2\/users\/1"}],"replies":[{"embeddable":true,"href":"https:\/\/www.rosdyfilm.com\/nw\/wp-json\/wp\/v2\/comments?post=364"}],"version-history":[{"count":2,"href":"https:\/\/www.rosdyfilm.com\/nw\/wp-json\/wp\/v2\/pages\/364\/revisions"}],"predecessor-version":[{"id":366,"href":"https:\/\/www.rosdyfilm.com\/nw\/wp-json\/wp\/v2\/pages\/364\/revisions\/366"}],"wp:attachment":[{"href":"https:\/\/www.rosdyfilm.com\/nw\/wp-json\/wp\/v2\/media?parent=364"}],"curies":[{"name":"wp","href":"https:\/\/api.w.org\/{rel}","templated":true}]}}