{"id":137,"date":"2019-12-15T19:59:53","date_gmt":"2019-12-15T19:59:53","guid":{"rendered":"http:\/\/www.rosdyfilm.com\/nw\/?page_id=137"},"modified":"2019-12-22T22:00:04","modified_gmt":"2019-12-22T22:00:04","slug":"filmfestivals","status":"publish","type":"page","link":"https:\/\/www.rosdyfilm.com\/nw\/filmfestivals\/","title":{"rendered":"03 filmfestivals"},"content":{"rendered":"<p>[et_pb_section fb_built=&#8220;1&#8243; _builder_version=&#8220;4.0.9&#8243; background_image=&#8220;http:\/\/www.rosdyfilm.com\/nw\/wp-content\/uploads\/2019\/12\/posteroriginalgroesse.jpg&#8220;][et_pb_row _builder_version=&#8220;4.0.9&#8243; background_color=&#8220;rgba(255,255,255,0.9)&#8220; custom_margin=&#8220;74px||180px||false|false&#8220; custom_margin_tablet=&#8220;46px||46px||true|false&#8220; custom_margin_phone=&#8220;43px||43px||true|false&#8220; custom_margin_last_edited=&#8220;on|desktop&#8220; custom_padding=&#8220;30px|30px|30px|30px|true|true&#8220;][et_pb_column type=&#8220;4_4&#8243; _builder_version=&#8220;4.0.9&#8243;][et_pb_text content_tablet=&#8220;<\/p>\n<h4>Filmfestivals (Auswahl)<\/h4>\n<p>2005, Karlovy Vary International Film Festival<br \/> <a href=%22https:\/\/rosdyfilm.com\/nw\/viff\/%22>2005, Vancouver International Film Festival<\/a><br \/> 2005, Viennale, Vienna International Film Festival<br \/> <a href=\"\/\/www.rosdyfilm.com\/nw\/downloads\/tiempo_de_historia.pdf%22\" target=\"%22_blank%22\" rel=\"%22noopener noopener noreferrer\">2005, Valladolid International Film Festival<\/a><br \/> 2005, 8th Istanbul International Meeting of<br \/> Cinema &amp; History Film Festival<br \/> 2006, 17th Trieste Film Festival<br \/> 2006, Documentary Fortnight<br \/> The Museum of Modern Art, New York<br \/> 2006, Bradford Film Festival<br \/> 2006, Titanic Budapest Filmfest<br \/> 2006, International Connections, Chicago<br \/> 2007, 25th International Fajr Film Festival, Teheran<br \/> 2009, 3rd Int. Urban Film Festival, Teheran<\/p>\n<p>&nbsp;<\/p>\n<h4>Kinostart \u00d6sterreich: 27. J\u00e4nner 2006<\/h4>\n<p><a href=\"\/\/rosdyfilm.com\/nw\/downloads\/nw_folder.pdf%22\" target=\"%22_blank%22\" rel=\"%22noopener noopener noreferrer\" title=\"%22Folder%22\">Download <span>Folder<\/span><\/a><br \/> <a href=\"\/\/rosdyfilm.com\/nw\/downloads\/presseaussendung.pdf%22\" title=\"%22Presseaussendung%22\" target=\"%22_blank%22\" rel=\"%22noopener noopener noreferrer\">Download <span>Presseaussendung<\/span><\/a><\/p>\n<p>&nbsp;<\/p>\n<h4>Ukraine Tournee 2006<\/h4>\n<p>&#8220; content_phone=&#8220;<\/p>\n<h4>Filmfestivals (Auswahl)<\/h4>\n<p>2005, Karlovy Vary International Film Festival<br \/> <a href=%22https:\/\/rosdyfilm.com\/nw\/viff\/%22>2005, Vancouver International Film Festival<\/a><br \/> 2005, Viennale, Vienna International Film Festival<br \/> <a href=\"\/\/www.rosdyfilm.com\/nw\/downloads\/tiempo_de_historia.pdf%22\" target=\"%22_blank%22\" rel=\"%22noopener noopener noreferrer\">2005, Valladolid International Film Festival<\/a><br \/> 2005, 8th Istanbul International Meeting of<br \/>\u00a0 \u00a0 \u00a0Cinema &amp; History Film Festival<br \/> 2006, 17th Trieste Film Festival<br \/> 2006, Documentary Fortnight<br \/>\u00a0 \u00a0 \u00a0The Museum of Modern Art, New York<br \/> 2006, Bradford Film Festival<br \/> 2006, Titanic Budapest Filmfest<br \/> 2006, International Connections, Chicago<br \/> 2007, 25th International Fajr Film Festival, Teheran<br \/> 2009, 3rd Int. Urban Film Festival, Teheran<\/p>\n<p>&nbsp;<\/p>\n<h4>Kinostart \u00d6sterreich: 27. J\u00e4nner 2006<\/h4>\n<p><a href=\"\/\/rosdyfilm.com\/nw\/downloads\/nw_folder.pdf%22\" target=\"%22_blank%22\" rel=\"%22noopener noopener noreferrer\" title=\"%22Folder%22\">Download <span>Folder<\/span><\/a><br \/> <a href=\"\/\/rosdyfilm.com\/nw\/downloads\/presseaussendung.pdf%22\" title=\"%22Presseaussendung%22\" target=\"%22_blank%22\" rel=\"%22noopener noopener noreferrer\">Download <span>Presseaussendung<\/span><\/a><\/p>\n<p>&nbsp;<\/p>\n<h4>Ukraine Tournee 2006<\/h4>\n<p>&#8220; content_last_edited=&#8220;on|phone&#8220; _builder_version=&#8220;4.0.9&#8243; hover_enabled=&#8220;0&#8243;]<\/p>\n<h4>Filmfestivals (Auswahl)<\/h4>\n<p>2005, Karlovy Vary International Film Festival<br \/> <a href=\"https:\/\/rosdyfilm.com\/nw\/viff\/\">2005, Vancouver International Film Festival<\/a><br \/> 2005, Viennale, Vienna International Film Festival<br \/> <a href=\"https:\/\/www.rosdyfilm.com\/nw\/downloads\/tiempo_de_historia.pdf\" target=\"_blank\" rel=\"noopener noreferrer\">2005, Valladolid International Film Festival<\/a><br \/> 2005, 8th Istanbul International Meeting of Cinema &amp; History Film Festival<br \/> 2006, 17th Trieste Film Festival<br \/> 2006, Documentary Fortnight &#8211; The Museum of Modern Art, New York<br \/> 2006, Bradford Film Festival<br \/> 2006, Titanic Budapest Filmfest<br \/> 2006, International Connections, Chicago<br \/> 2007, 25th International Fajr Film Festival, Teheran<br \/> 2009, 3rd Int. Urban Film Festival, Teheran<\/p>\n<p>&nbsp;<\/p>\n<h4>Kinostart \u00d6sterreich: 27. J\u00e4nner 2006<\/h4>\n<p><a href=\"https:\/\/rosdyfilm.com\/nw\/downloads\/nw_folder.pdf\" target=\"_blank\" rel=\"noopener noreferrer\" title=\"Folder\">Download <span style=\"color: #515151;\">Folder<\/span><\/a><br \/> <a href=\"https:\/\/rosdyfilm.com\/nw\/downloads\/presseaussendung.pdf\" title=\"Presseaussendung\" target=\"_blank\" rel=\"noopener noreferrer\">Download <span style=\"color: #515151;\">Presseaussendung<\/span><\/a><\/p>\n<p>&nbsp;<\/p>\n<h4>Ukraine Tournee 2006<\/h4>\n<p>[\/et_pb_text][et_pb_gallery gallery_ids=&#8220;152,153,154,155,156,157,158&#8243; posts_number=&#8220;8&#8243; show_pagination=&#8220;off&#8220; _builder_version=&#8220;4.0.9&#8243; title_level=&#8220;h6&#8243; title_font=&#8220;|300|on||||||&#8220; title_font_size=&#8220;12px&#8220; custom_margin=&#8220;-22px||||false|false&#8220;][\/et_pb_gallery][et_pb_text content_last_edited=&#8220;off|desktop&#8220; _builder_version=&#8220;4.0.9&#8243; min_height=&#8220;14px&#8220; custom_margin=&#8220;2px|||||&#8220;]<\/p>\n<h4><span style=\"color: #999999;\"><a href=\"https:\/\/rosdyfilm.com\/nw\/presse\/#kritiken\" title=\"Pressestimmen\" style=\"color: #999999;\">Pressestimmen<\/a><\/span><\/h4>\n<p>[\/et_pb_text][\/et_pb_column][\/et_pb_row][\/et_pb_section]<\/p>\n","protected":false},"excerpt":{"rendered":"<p>NEUE WELT ist ein Reisefilm \u00fcber das Gestern und das Heute jener Landstriche Mitteleuropas, die einst als B\u00f6hmen, Siebenb\u00fcrgen, Dalmatien, Galizien oder Bukowina Teil der \u00f6sterreichisch-ungarischen Monarchie waren. Der Film reist von der alten Welt in eine neue, von Sarajewo nach Wien und weiter nach Rum\u00e4nien, von Triest in die Bucht von Kotor, von der ungarischen Puszta in die Ukraine. Eine Mischung aus Musik und Geschichten, Legenden und Anekdoten, Ausschnitten aus alten Reisef\u00fchrern und Zeitungen, Filmen und Fotos aus der Zeit um 1900 sowie Szenen aus dem Heute vermittelt ein Bild vom Lebens\u2013 und \u00dcberlebenskampf von Menschen zwischen Traditionen, Ver\u00e4nderungen und Umbr\u00fcchen.<\/p>\n","protected":false},"author":1,"featured_media":0,"parent":0,"menu_order":0,"comment_status":"closed","ping_status":"closed","template":"","meta":{"_et_pb_use_builder":"on","_et_pb_old_content":"","_et_gb_content_width":"","footnotes":""},"class_list":["post-137","page","type-page","status-publish","hentry"],"_links":{"self":[{"href":"https:\/\/www.rosdyfilm.com\/nw\/wp-json\/wp\/v2\/pages\/137","targetHints":{"allow":["GET"]}}],"collection":[{"href":"https:\/\/www.rosdyfilm.com\/nw\/wp-json\/wp\/v2\/pages"}],"about":[{"href":"https:\/\/www.rosdyfilm.com\/nw\/wp-json\/wp\/v2\/types\/page"}],"author":[{"embeddable":true,"href":"https:\/\/www.rosdyfilm.com\/nw\/wp-json\/wp\/v2\/users\/1"}],"replies":[{"embeddable":true,"href":"https:\/\/www.rosdyfilm.com\/nw\/wp-json\/wp\/v2\/comments?post=137"}],"version-history":[{"count":16,"href":"https:\/\/www.rosdyfilm.com\/nw\/wp-json\/wp\/v2\/pages\/137\/revisions"}],"predecessor-version":[{"id":397,"href":"https:\/\/www.rosdyfilm.com\/nw\/wp-json\/wp\/v2\/pages\/137\/revisions\/397"}],"wp:attachment":[{"href":"https:\/\/www.rosdyfilm.com\/nw\/wp-json\/wp\/v2\/media?parent=137"}],"curies":[{"name":"wp","href":"https:\/\/api.w.org\/{rel}","templated":true}]}}