{"id":104,"date":"2019-12-14T21:38:25","date_gmt":"2019-12-14T21:38:25","guid":{"rendered":"http:\/\/www.rosdyfilm.com\/nw\/?page_id=104"},"modified":"2026-02-09T21:08:07","modified_gmt":"2026-02-09T21:08:07","slug":"kaufen","status":"publish","type":"page","link":"https:\/\/www.rosdyfilm.com\/nw\/kaufen\/","title":{"rendered":"02 kaufen"},"content":{"rendered":"<p>[et_pb_section fb_built=&#8220;1&#8243; _builder_version=&#8220;4.16&#8243; background_image=&#8220;http:\/\/www.rosdyfilm.com\/nw\/wp-content\/uploads\/2019\/12\/posteroriginalgroesse.jpg&#8220; global_colors_info=&#8220;{}&#8220;][et_pb_row column_structure=&#8220;3_5,2_5&#8243; _builder_version=&#8220;4.16&#8243; background_color=&#8220;rgba(255,255,255,0.9)&#8220; custom_margin=&#8220;74px||180px||false|false&#8220; custom_margin_tablet=&#8220;46px||46px||true|false&#8220; custom_margin_phone=&#8220;43px||43px||true|false&#8220; custom_margin_last_edited=&#8220;on|desktop&#8220; custom_padding=&#8220;30px|30px|30px|30px|true|true&#8220; global_colors_info=&#8220;{}&#8220;][et_pb_column type=&#8220;3_5&#8243; _builder_version=&#8220;4.16&#8243; global_colors_info=&#8220;{}&#8220;][et_pb_text _builder_version=&#8220;4.27.5&#8243; hover_enabled=&#8220;0&#8243; global_colors_info=&#8220;{}&#8220; sticky_enabled=&#8220;0&#8243;]<strong>Kino<\/strong><br \/>\n\u00d6sterreich: <a href=\"https:\/\/www.rosdyfilm.com\/nw\/kontakt\">ROSDY FILM KG<\/a><\/p>\n<p><strong>Fernsehen<\/strong><br \/>\n<a href=\"https:\/\/contentsales.orf.at\/product\/364191\" target=\"_blank\" rel=\"noopener noreferrer\" title=\"tv sales\">tvsales.orf.at<\/a><\/p>\n<p><strong style=\"font-size: 14px;\">DVD<\/strong><br \/>\n<a href=\"https:\/\/shop.falter.at\/neue-welt.html\" target=\"_blank\" rel=\"noopener noreferrer\" title=\"Falter Shop\">Falter Shop<\/a><br \/>\n<a href=\"https:\/\/www.amazon.de\/Neue-Welt-Reisefilm-Paul-Rosdy\/dp\/3854398069\" target=\"_blank\" rel=\"noopener noreferrer\" title=\"Amazon\">Amazon<\/a><\/p>\n<p><strong>VOD<\/strong><br \/>\n<a href=\"https:\/\/www.amazon.com\/gp\/video\/detail\/B0DK657R66\" target=\"_blank\" rel=\"noopener noreferrer\" title=\"Neue Welt auf Amazon Prime Video\">Prime Video &#8211; Amazon.com<\/a><br \/>\n<a href=\"https:\/\/www.primevideo.com\/detail\/0PEHBNZV8X7TV876HM7W7OWUOP\/\" target=\"_blank\" rel=\"noopener noreferrer\" title=\"Nuevo Mundo - Amazon Prime Video\">Prime Video &#8211; Amazon.com.mx<\/a><br \/>\n<a href=\"https:\/\/www.amazon.co.jp\/-\/en\/gp\/video\/detail\/B0B8T4251W\" target=\"_blank\" rel=\"noopener noreferrer\" title=\"Prime Video - Amazon.co.jp\">Prime Video &#8211; Amazon.co.jp<\/a><br \/>\n<a href=\"https:\/\/www.amazon.co.uk\/gp\/video\/detail\/B08C56Q8V8\/\" target=\"_blank\" rel=\"noopener noreferrer\" title=\"New World - Amazon Prime Video\">Prime Video &#8211; Amazon.co.uk<\/a><br \/>\n<a href=\"https:\/\/www.amazon.de\/gp\/video\/detail\/B089DNNRCL\" target=\"_blank\" rel=\"noopener noreferrer\" title=\"Neue Welt auf Amazon Prime Video\">Prime Video &#8211; Amazon.de<\/a><\/p>\n<p><strong style=\"font-size: 14px;\">Soundtrack<\/strong><br \/>\n<a href=\"https:\/\/www.artistcamp.com\/SmartLinks\/717281916127\/\" target=\"_blank\" rel=\"noopener noreferrer\" title=\"Soundtrack\">Streaming Dienste<\/a><br \/>\n<a href=\"https:\/\/www.preiserrecords.at\/de\/neue-welt-soundtrack.html\" target=\"_blank\" rel=\"noopener noreferrer\" title=\"Filmmusik CD\">CD bei Preiser Records<\/a><br \/>\n<a href=\"https:\/\/www.amazon.de\/Neue-Welt-New-World-Diverse\/dp\/B000EQICA0\" target=\"_blank\" rel=\"noopener noreferrer\" title=\"Filmmusik CD\">CD bei Amazon<\/a><\/p>\n<p><!--\n\n<strong style=\"font-size: 14px;\">CD<\/strong>\n\n<a href=\"https:\/\/www.preiserrecords.at\/de\/neue-welt-soundtrack.html\" target=\"_blank\" rel=\"noopener noreferrer\" title=\"Filmmusik CD\">Preiser Records<\/a>\n\n<a href=\"https:\/\/www.amazon.de\/Neue-Welt-New-World-Diverse\/dp\/B000EQICA0\">Amazon<\/a>\n\n--><\/p>\n<p><strong style=\"font-size: 14px;\">Schulen<\/strong><\/p>\n<div><a href=\"https:\/\/www.rosdyfilm.com\/nw\/kontakt\">ROSDY FILM KG<\/a><\/div>\n<p>[\/et_pb_text][\/et_pb_column][et_pb_column type=&#8220;2_5&#8243; _builder_version=&#8220;4.16&#8243; global_colors_info=&#8220;{}&#8220;][et_pb_gallery gallery_ids=&#8220;111,227,228,229,230,231,232,233,234,235,236,237,238,239,240,241,242&#8243; fullwidth=&#8220;on&#8220; module_class=&#8220;pa-image-gallery-6-8&#8243; _builder_version=&#8220;4.18.0&#8243; width=&#8220;71%&#8220; width_tablet=&#8220;45%&#8220; width_phone=&#8220;77%&#8220; width_last_edited=&#8220;on|phone&#8220; global_colors_info=&#8220;{}&#8220;][\/et_pb_gallery][et_pb_gallery gallery_ids=&#8220;112,113,114,115,116,117,118,119,120,121,122,123,124,125,126,127&#8243; fullwidth=&#8220;on&#8220; _builder_version=&#8220;4.16&#8243; width=&#8220;71.2%&#8220; width_tablet=&#8220;45%&#8220; width_phone=&#8220;76.6%&#8220; width_last_edited=&#8220;on|phone&#8220; custom_margin=&#8220;|-295px||||&#8220; global_colors_info=&#8220;{}&#8220;][\/et_pb_gallery][\/et_pb_column][\/et_pb_row][\/et_pb_section]<\/p>\n","protected":false},"excerpt":{"rendered":"<p>NEUE WELT ist ein Reisefilm \u00fcber das Gestern und das Heute jener Landstriche Mitteleuropas, die einst als B\u00f6hmen, Siebenb\u00fcrgen, Dalmatien, Galizien oder Bukowina Teil der \u00f6sterreichisch-ungarischen Monarchie waren. Der Film reist von der alten Welt in eine neue, von Sarajewo nach Wien und weiter nach Rum\u00e4nien, von Triest in die Bucht von Kotor, von der ungarischen Puszta in die Ukraine. Eine Mischung aus Musik und Geschichten, Legenden und Anekdoten, Ausschnitten aus alten Reisef\u00fchrern und Zeitungen, Filmen und Fotos aus der Zeit um 1900 sowie Szenen aus dem Heute vermittelt ein Bild vom Lebens\u2013 und \u00dcberlebenskampf von Menschen zwischen Traditionen, Ver\u00e4nderungen und Umbr\u00fcchen.<\/p>\n","protected":false},"author":1,"featured_media":0,"parent":0,"menu_order":0,"comment_status":"closed","ping_status":"closed","template":"","meta":{"_et_pb_use_builder":"on","_et_pb_old_content":"","_et_gb_content_width":"","footnotes":""},"class_list":["post-104","page","type-page","status-publish","hentry"],"_links":{"self":[{"href":"https:\/\/www.rosdyfilm.com\/nw\/wp-json\/wp\/v2\/pages\/104","targetHints":{"allow":["GET"]}}],"collection":[{"href":"https:\/\/www.rosdyfilm.com\/nw\/wp-json\/wp\/v2\/pages"}],"about":[{"href":"https:\/\/www.rosdyfilm.com\/nw\/wp-json\/wp\/v2\/types\/page"}],"author":[{"embeddable":true,"href":"https:\/\/www.rosdyfilm.com\/nw\/wp-json\/wp\/v2\/users\/1"}],"replies":[{"embeddable":true,"href":"https:\/\/www.rosdyfilm.com\/nw\/wp-json\/wp\/v2\/comments?post=104"}],"version-history":[{"count":31,"href":"https:\/\/www.rosdyfilm.com\/nw\/wp-json\/wp\/v2\/pages\/104\/revisions"}],"predecessor-version":[{"id":680,"href":"https:\/\/www.rosdyfilm.com\/nw\/wp-json\/wp\/v2\/pages\/104\/revisions\/680"}],"wp:attachment":[{"href":"https:\/\/www.rosdyfilm.com\/nw\/wp-json\/wp\/v2\/media?parent=104"}],"curies":[{"name":"wp","href":"https:\/\/api.w.org\/{rel}","templated":true}]}}