{"id":768,"date":"2019-02-22T16:27:07","date_gmt":"2019-02-22T16:27:07","guid":{"rendered":"https:\/\/www.rosdyfilm.com\/kinowienfilm\/?page_id=768"},"modified":"2019-02-22T17:41:10","modified_gmt":"2019-02-22T17:41:10","slug":"ueber-den-film-2-3-4","status":"publish","type":"page","link":"https:\/\/www.rosdyfilm.com\/kinowienfilm\/ueber-den-film-2-3-4\/","title":{"rendered":"01 &#8211; \u00dcber den Film &#8211; 02a dt Regie Statement"},"content":{"rendered":"<p>[et_pb_section bb_built=&#8220;1&#8243; _builder_version=&#8220;3.17.1&#8243; background_image=&#8220;https:\/\/www.rosdyfilm.com\/kinowienfilm\/wp-content\/uploads\/2018\/09\/1-KWF-Burg-Kino-Stecktafel.jpg&#8220;][et_pb_row _builder_version=&#8220;3.15&#8243;][et_pb_column type=&#8220;4_4&#8243;][et_pb_text _builder_version=&#8220;3.17.1&#8243; background_color=&#8220;rgba(255,255,255,0.92)&#8220; border_color_all=&#8220;#474747&#8243; custom_margin=&#8220;|||&#8220; custom_padding=&#8220;30px|30px|30px|30px|true|true&#8220;]<\/p>\n<h1><strong>Regie Statement<\/strong><\/h1>\n<p>&nbsp;<\/p>\n<p>Inspiriert zu <em>Kino Wien Film<\/em> hat mich mein vorheriger Film <em>Der letzte Jude von Drohobytsch<\/em>. Dabei ging es um Alfred Schreyer, <em>einen Mann<\/em>, der \u2013 wie es Hans Hurch bei der Viennale 2011 schrieb \u2013\u00a0, <em>eine Geschichte zu erz\u00e4hlen<\/em> hat, <em>so unglaublich, dass ein Leben nicht ausreicht, sie zu fassen.<\/em> Eine dieser f\u00fcr mich so unglaublichen Episoden aus Alfred Schreyers Geschichte war, dass er in der Sowjetunion Kinofoyerorchestermusiker gewesen ist. Dieses Wort, dieser Beruf \u2013 Kinofoyerorchestermusiker \u2013 z\u00fcndete in mir den Funken, etwas \u00fcber die Kinos von Wien zu machen.<\/p>\n<p>2012 erfuhr ich, dass im English Cinema Haydn ein neues Kino (Saal D) gebaut wird. Herbert und Christian D\u00f6rfler gew\u00e4hrten mir Zutritt zu den Bauarbeiten und damit auch in die f\u00fcr Wien nicht untypische, tragische Vergangenheit ihres Hauses. In der Viennale Publikation &#8211; <em>50 Jahre, 50 Projekte<\/em> \u2013 las ich \u00fcber den Vorf\u00fchrer im Gartenbaukino Horst Raimann, wie er mit seiner jahrzehntelangen Berufserfahrung in der Kinotechnik dem Filmfestivals zur Seite steht. Ich wusste, hier liegt der Schl\u00fcssel f\u00fcr den Projektionsraum. Bald traf ich Florian Pausch und erfuhr \u2013 dank seiner Kinodiasammlung &#8211; vom Beruf des Kinopendlers. Sp\u00e4ter lernte ich tats\u00e4chlich einen ehemaligen Kinopendler kennen \u2013 Stefan Nehez. Viele weitere solcher Momente begleiteten mich im Laufe von fast sechs Jahren auf dem Weg zu einer Kinogeschichte Wiens, von 1896 bis heute.<\/p>\n<p>Meine Herangehensweise ist so wie bei all meinen Filmen. Ich interessiere mich f\u00fcr ein Thema und die Menschen, die damit in Verbindung stehen. Ich studiere Originalquellen und versuche an l\u00e4ngst vergangene Zeiten so nah wie m\u00f6glich heranzukommen.<\/p>\n<p>Gestalterisch spannend war, dass ich bei den Dreharbeiten pl\u00f6tzlich sehr viele <em>nicht bespielte<\/em> Kinoleinw\u00e4nde vor mir hatte &#8211; ein wei\u00dfes Bild im Bild. Bei den Schnittarbeiten hatte ich viel Freude damit.<\/p>\n<p>Paul Rosdy<\/p>\n<p>[\/et_pb_text][\/et_pb_column][\/et_pb_row][\/et_pb_section]<\/p>\n","protected":false},"excerpt":{"rendered":"<p>Regie Statement &nbsp; Inspiriert zu Kino Wien Film hat mich mein vorheriger Film Der letzte Jude von Drohobytsch. Dabei ging es um Alfred Schreyer, einen Mann, der \u2013 wie es Hans Hurch bei der Viennale 2011 schrieb \u2013\u00a0, eine Geschichte zu erz\u00e4hlen hat, so unglaublich, dass ein Leben nicht ausreicht, sie zu fassen. Eine dieser [&hellip;]<\/p>\n","protected":false},"author":1,"featured_media":0,"parent":0,"menu_order":0,"comment_status":"closed","ping_status":"closed","template":"","meta":{"_et_pb_use_builder":"on","_et_pb_old_content":"","_et_gb_content_width":"","footnotes":""},"_links":{"self":[{"href":"https:\/\/www.rosdyfilm.com\/kinowienfilm\/wp-json\/wp\/v2\/pages\/768"}],"collection":[{"href":"https:\/\/www.rosdyfilm.com\/kinowienfilm\/wp-json\/wp\/v2\/pages"}],"about":[{"href":"https:\/\/www.rosdyfilm.com\/kinowienfilm\/wp-json\/wp\/v2\/types\/page"}],"author":[{"embeddable":true,"href":"https:\/\/www.rosdyfilm.com\/kinowienfilm\/wp-json\/wp\/v2\/users\/1"}],"replies":[{"embeddable":true,"href":"https:\/\/www.rosdyfilm.com\/kinowienfilm\/wp-json\/wp\/v2\/comments?post=768"}],"version-history":[{"count":2,"href":"https:\/\/www.rosdyfilm.com\/kinowienfilm\/wp-json\/wp\/v2\/pages\/768\/revisions"}],"predecessor-version":[{"id":788,"href":"https:\/\/www.rosdyfilm.com\/kinowienfilm\/wp-json\/wp\/v2\/pages\/768\/revisions\/788"}],"wp:attachment":[{"href":"https:\/\/www.rosdyfilm.com\/kinowienfilm\/wp-json\/wp\/v2\/media?parent=768"}],"curies":[{"name":"wp","href":"https:\/\/api.w.org\/{rel}","templated":true}]}}