{"id":315,"date":"2018-10-13T19:23:04","date_gmt":"2018-10-13T19:23:04","guid":{"rendered":"https:\/\/www.rosdyfilm.com\/kinowienfilm\/?page_id=315"},"modified":"2020-12-21T10:32:06","modified_gmt":"2020-12-21T10:32:06","slug":"ueber-den-film-2-3-2-2-3","status":"publish","type":"page","link":"https:\/\/www.rosdyfilm.com\/kinowienfilm\/en\/ueber-den-film-2-3-2-2-3\/","title":{"rendered":"01 &#8211; \u00dcber den Film &#8211; 04 en Bio- \/ Filmographie Paul Rosdy"},"content":{"rendered":"<p>[et_pb_section fb_built=&#8220;1&#8243; _builder_version=&#8220;3.22&#8243; background_image=&#8220;https:\/\/www.rosdyfilm.com\/kinowienfilm\/wp-content\/uploads\/2018\/09\/1-KWF-Burg-Kino-Stecktafel.jpg&#8220;][et_pb_row _builder_version=&#8220;4.7.7&#8243; hover_enabled=&#8220;0&#8243; background_color=&#8220;rgba(255,255,255,0.92)&#8220; sticky_enabled=&#8220;0&#8243;][et_pb_column type=&#8220;4_4&#8243; _builder_version=&#8220;3.25&#8243; custom_padding=&#8220;|||&#8220; custom_padding__hover=&#8220;|||&#8220;][et_pb_text _builder_version=&#8220;4.7.7&#8243; background_color=&#8220;rgba(0,0,0,0)&#8220; custom_margin=&#8220;|||&#8220; custom_padding=&#8220;30px|30px|30px|30px|true|true&#8220; hover_enabled=&#8220;0&#8243; border_color_all=&#8220;#474747&#8243; sticky_enabled=&#8220;0&#8243;]<\/p>\n<h1><strong>Biographie and Filmographie<br \/> <\/strong><\/h1>\n<p>Born and raised in Vienna, Paul Rosdy worked in the tourism industry and traveled the world, in the 1980s, for American Express, including the Soviet Union, China, and the USA. In 1990 he moved to Vancouver, Canada, were he completed a film curriculum. His first film was called <em>You Don\u2019t Look For Street Signs When You\u2019re In A Jungle<\/em> (1991), followed by <em>Release Da<\/em>y (1992), both of which dealt with life in prison. In New York he founded Pinball Films with Joan Grossman and they released <em>The Port of last Resort &#8211; Zuflucht in Shanghai<\/em> in 1998, about the 20,000 Jewish refugees who escaped the Nazis for Shanghai. Then he turned to Central Europe to film New World (2005) a poetic travelogue, <em>from the old world to the new. <\/em>In 2009, Rosdy wrote and directed <em>\u00c7ernob\u00edl\u00e1 Barevn\u00e1<\/em> (Black White Color), a Czech production about transformations in the Northern Bohemian brown coal fields. In 2011 he released <em>The Last Jew from Drohobych, <\/em>a portrait of Alfred Schreyer, whose incredible life story spans all the upheavals of the 20th century. In 2012 Rosdy began a long journey through the cinema landscape and history of Vienna, from 1896 until today. <em>Kino Wien Film<\/em> (Vienna\u2019s Cinemas) premieres at the 2018 Viennale Film Festival.<\/p>\n<p>[\/et_pb_text][\/et_pb_column][\/et_pb_row][et_pb_row _builder_version=&#8220;4.7.7&#8243; hover_enabled=&#8220;0&#8243; column_structure=&#8220;1_2,1_2&#8243; background_color=&#8220;rgba(255,255,255,0.92)&#8220; sticky_enabled=&#8220;0&#8243;][et_pb_column type=&#8220;1_2&#8243; _builder_version=&#8220;3.25&#8243; custom_padding=&#8220;|||&#8220; custom_padding__hover=&#8220;|||&#8220;][et_pb_text _builder_version=&#8220;4.7.7&#8243; background_color=&#8220;rgba(0,0,0,0)&#8220; custom_margin=&#8220;|||&#8220; custom_padding=&#8220;|30px|30px|30px|false|true&#8220; hover_enabled=&#8220;0&#8243; border_color_all=&#8220;#474747&#8243; sticky_enabled=&#8220;0&#8243;]<\/p>\n<h1>Filmographie (selection):<\/h1>\n<p>2018 \u2013 Vienna\u2019s Cinemas<br \/>\n2011 \u2013 The Last Jew from Drohobych<br \/>\n2009 &#8211; \u00c7ernob\u00edl\u00e1 Barevn\u00e1 (short)<br \/>\n2005 \u2013 New World<br \/>\n1998 \u2013 The Port of Last Resort<br \/>\n1992 \u2013 Release Day (short)[\/et_pb_text][\/et_pb_column][et_pb_column type=&#8220;1_2&#8243; _builder_version=&#8220;3.25&#8243; custom_padding=&#8220;|||&#8220; custom_padding__hover=&#8220;|||&#8220;][et_pb_image src=&#8220;https:\/\/www.rosdyfilm.com\/kinowienfilm\/wp-content\/uploads\/2019\/02\/Paul_Rosdy-Foto_Wolfram_Wuinovic.jpg&#8220; _builder_version=&#8220;4.7.7&#8243; _module_preset=&#8220;default&#8220; alt=&#8220;Paul Rosdy&#8220; title_text=&#8220;Paul Rosdy&#8220; width=&#8220;60%&#8220; hover_enabled=&#8220;0&#8243; sticky_enabled=&#8220;0&#8243; module_alignment=&#8220;center&#8220;][\/et_pb_image][\/et_pb_column][\/et_pb_row][\/et_pb_section]<\/p>\n","protected":false},"excerpt":{"rendered":"<p>Biographie and Filmographie Born and raised in Vienna, Paul Rosdy worked in the tourism industry and traveled the world, in the 1980s, for American Express, including the Soviet Union, China, and the USA. In 1990 he moved to Vancouver, Canada, were he completed a film curriculum. His first film was called You Don\u2019t Look For [&hellip;]<\/p>\n","protected":false},"author":1,"featured_media":0,"parent":0,"menu_order":0,"comment_status":"closed","ping_status":"closed","template":"","meta":{"_et_pb_use_builder":"on","_et_pb_old_content":"","_et_gb_content_width":"","footnotes":""},"_links":{"self":[{"href":"https:\/\/www.rosdyfilm.com\/kinowienfilm\/wp-json\/wp\/v2\/pages\/315"}],"collection":[{"href":"https:\/\/www.rosdyfilm.com\/kinowienfilm\/wp-json\/wp\/v2\/pages"}],"about":[{"href":"https:\/\/www.rosdyfilm.com\/kinowienfilm\/wp-json\/wp\/v2\/types\/page"}],"author":[{"embeddable":true,"href":"https:\/\/www.rosdyfilm.com\/kinowienfilm\/wp-json\/wp\/v2\/users\/1"}],"replies":[{"embeddable":true,"href":"https:\/\/www.rosdyfilm.com\/kinowienfilm\/wp-json\/wp\/v2\/comments?post=315"}],"version-history":[{"count":4,"href":"https:\/\/www.rosdyfilm.com\/kinowienfilm\/wp-json\/wp\/v2\/pages\/315\/revisions"}],"predecessor-version":[{"id":1523,"href":"https:\/\/www.rosdyfilm.com\/kinowienfilm\/wp-json\/wp\/v2\/pages\/315\/revisions\/1523"}],"wp:attachment":[{"href":"https:\/\/www.rosdyfilm.com\/kinowienfilm\/wp-json\/wp\/v2\/media?parent=315"}],"curies":[{"name":"wp","href":"https:\/\/api.w.org\/{rel}","templated":true}]}}