{"id":215,"date":"2018-10-13T19:23:04","date_gmt":"2018-10-13T19:23:04","guid":{"rendered":"https:\/\/www.rosdyfilm.com\/kinowienfilm\/?page_id=215"},"modified":"2020-12-21T10:32:12","modified_gmt":"2020-12-21T10:32:12","slug":"ueber-den-film-2-3-2-2","status":"publish","type":"page","link":"https:\/\/www.rosdyfilm.com\/kinowienfilm\/ueber-den-film-2-3-2-2\/","title":{"rendered":"01 &#8211; \u00dcber den Film &#8211; 04 dt Bio- \/ Filmografie Paul Rosdy"},"content":{"rendered":"<p>[et_pb_section fb_built=&#8220;1&#8243; _builder_version=&#8220;3.22&#8243; background_image=&#8220;https:\/\/www.rosdyfilm.com\/kinowienfilm\/wp-content\/uploads\/2018\/09\/1-KWF-Burg-Kino-Stecktafel.jpg&#8220;][et_pb_row _builder_version=&#8220;4.7.7&#8243; background_color=&#8220;rgba(255,255,255,0.92)&#8220;][et_pb_column type=&#8220;4_4&#8243; _builder_version=&#8220;3.25&#8243; custom_padding=&#8220;|||&#8220; custom_padding__hover=&#8220;|||&#8220;][et_pb_text _builder_version=&#8220;4.7.7&#8243; background_color=&#8220;rgba(0,0,0,0)&#8220; custom_margin=&#8220;|||&#8220; custom_padding=&#8220;30px|30px|30px|30px|true|true&#8220; border_color_all=&#8220;#474747&#8243;]<\/p>\n<h1><strong>Biographie und Filmographie<br \/> <\/strong><\/h1>\n<p>Geboren und aufgewachsen in Wien, war Paul Rosdy zun\u00e4chst in der Tourismusbranche t\u00e4tig. In den 1980er Jahren bereiste er f\u00fcr American Express die Welt: Sowjetunion, China, USA. Dann hatte er genug und \u00fcbersiedelte nach Vancouver (Kanada), wo er einen Filmlehrgang abschloss. Sein erster Film hie\u00df\u00a0<em>You Don\u2019t Look for Street Signs When You\u2019re in a Jungle<\/em> (1991), gefolgt von\u00a0<em>Release Day\u00a0<\/em>(1992) \u2013 beide Filme setzten sich mit dem Leben im Gef\u00e4ngnis auseinander. In New York gr\u00fcndete er mit Joan Grossman Pinball Films und kam 1998 mit <em>The Port of Last Resort \u2013 Zuflucht in Shanghai<\/em> heraus, einem Film \u00fcber die rund 20.000 Juden, die vor den Nazis nach Shanghai gefl\u00fcchtete waren. Anschlie\u00dfend richtete er seinen Blick auf Mittel- und S\u00fcdosteuropa und es entstand <em>Neue Welt<\/em> (2005), <em>eine Fahrt durch die Mitte Europas, von der alten Welt in eine neue. <\/em>2009 machte er <em>\u00c7ernob\u00edl\u00e1 Barevn\u00e1<\/em> (<em>Schwarzweiss Farbe),<\/em> eine tschechische Auftragsproduktion \u00fcber die Ver\u00e4nderungen in Zeit und Raum in den nordb\u00f6hmischen Braunkohlegebieten. 2011\u00a0<em>Der letzte Jude von Drohobytsch<\/em>: ein Portrait \u00fcber Alfred Schreyer, der eine Geschichte zu erz\u00e4hlen hat, so unglaublich, dass ein Leben nicht ausreicht, sie zu fassen. 2012 begann eine lange Reise durch die Kinolandschaft und -geschichte Wiens von 1896 bis heute. 2018 feiert <em>Kino Wien Film<\/em> beim Viennale Film Festival Premiere.<\/p>\n<p>[\/et_pb_text][\/et_pb_column][\/et_pb_row][et_pb_row column_structure=&#8220;1_2,1_2&#8243; _builder_version=&#8220;4.7.7&#8243; background_color=&#8220;rgba(255,255,255,0.92)&#8220; hover_enabled=&#8220;0&#8243; custom_padding=&#8220;||30px||false|false&#8220; sticky_enabled=&#8220;0&#8243;][et_pb_column type=&#8220;1_2&#8243; _builder_version=&#8220;3.25&#8243; custom_padding=&#8220;|||&#8220; custom_padding__hover=&#8220;|||&#8220;][et_pb_text _builder_version=&#8220;4.7.7&#8243; background_color=&#8220;rgba(0,0,0,0)&#8220; custom_margin=&#8220;|||&#8220; custom_padding=&#8220;0px|30px|0px|30px|false|true&#8220; border_color_all=&#8220;#474747&#8243;]<\/p>\n<h1><strong>Filmographie (Auswahl)<\/strong><\/h1>\n<p>2018 Kino Wien Film<br \/> 2011 Der letzte Jude von Drohobytsch<br \/> 2009 \u00c7ernob\u00edl\u00e1 Barevn\u00e1 (short)<br \/> 2005 Neue Welt<br \/> 1998 Zuflucht in Shanghai<br \/> 1992 Release Day (short)<\/p>\n<p>[\/et_pb_text][\/et_pb_column][et_pb_column type=&#8220;1_2&#8243; _builder_version=&#8220;3.25&#8243; custom_padding=&#8220;|||&#8220; custom_padding__hover=&#8220;|||&#8220;][et_pb_image src=&#8220;https:\/\/www.rosdyfilm.com\/kinowienfilm\/wp-content\/uploads\/2019\/02\/Paul_Rosdy-Foto_Wolfram_Wuinovic.jpg&#8220; alt=&#8220;Paul Rosdy&#8220; title_text=&#8220;Paul Rosdy&#8220; _builder_version=&#8220;4.7.7&#8243; _module_preset=&#8220;default&#8220; background_color=&#8220;#ffffff&#8220; width=&#8220;60%&#8220; module_alignment=&#8220;center&#8220; hover_enabled=&#8220;0&#8243; sticky_enabled=&#8220;0&#8243; custom_padding=&#8220;||||false|true&#8220;][\/et_pb_image][\/et_pb_column][\/et_pb_row][\/et_pb_section]<\/p>\n","protected":false},"excerpt":{"rendered":"<p>Biographie und Filmographie Geboren und aufgewachsen in Wien, war Paul Rosdy zun\u00e4chst in der Tourismusbranche t\u00e4tig. In den 1980er Jahren bereiste er f\u00fcr American Express die Welt: Sowjetunion, China, USA. Dann hatte er genug und \u00fcbersiedelte nach Vancouver (Kanada), wo er einen Filmlehrgang abschloss. Sein erster Film hie\u00df\u00a0You Don\u2019t Look for Street Signs When You\u2019re [&hellip;]<\/p>\n","protected":false},"author":1,"featured_media":0,"parent":0,"menu_order":0,"comment_status":"closed","ping_status":"closed","template":"","meta":{"_et_pb_use_builder":"on","_et_pb_old_content":"","_et_gb_content_width":"","footnotes":""},"_links":{"self":[{"href":"https:\/\/www.rosdyfilm.com\/kinowienfilm\/wp-json\/wp\/v2\/pages\/215"}],"collection":[{"href":"https:\/\/www.rosdyfilm.com\/kinowienfilm\/wp-json\/wp\/v2\/pages"}],"about":[{"href":"https:\/\/www.rosdyfilm.com\/kinowienfilm\/wp-json\/wp\/v2\/types\/page"}],"author":[{"embeddable":true,"href":"https:\/\/www.rosdyfilm.com\/kinowienfilm\/wp-json\/wp\/v2\/users\/1"}],"replies":[{"embeddable":true,"href":"https:\/\/www.rosdyfilm.com\/kinowienfilm\/wp-json\/wp\/v2\/comments?post=215"}],"version-history":[{"count":8,"href":"https:\/\/www.rosdyfilm.com\/kinowienfilm\/wp-json\/wp\/v2\/pages\/215\/revisions"}],"predecessor-version":[{"id":1520,"href":"https:\/\/www.rosdyfilm.com\/kinowienfilm\/wp-json\/wp\/v2\/pages\/215\/revisions\/1520"}],"wp:attachment":[{"href":"https:\/\/www.rosdyfilm.com\/kinowienfilm\/wp-json\/wp\/v2\/media?parent=215"}],"curies":[{"name":"wp","href":"https:\/\/api.w.org\/{rel}","templated":true}]}}