{"id":142,"date":"2018-10-10T20:33:19","date_gmt":"2018-10-10T20:33:19","guid":{"rendered":"http:\/\/kinowienfilm.rosdyfilm.com\/?page_id=142"},"modified":"2019-03-01T21:01:11","modified_gmt":"2019-03-01T21:01:11","slug":"ueber-den-film-2","status":"publish","type":"page","link":"https:\/\/www.rosdyfilm.com\/kinowienfilm\/ueber-den-film-2\/","title":{"rendered":"01 &#8211; \u00dcber den Film &#8211; 01 dt Kurzbeschreibung"},"content":{"rendered":"<p>[et_pb_section fb_built=&#8220;1&#8243; _builder_version=&#8220;3.17.1&#8243; background_image=&#8220;https:\/\/www.rosdyfilm.com\/kinowienfilm\/wp-content\/uploads\/2018\/09\/1-KWF-Burg-Kino-Stecktafel.jpg&#8220;][et_pb_row _builder_version=&#8220;3.15&#8243;][et_pb_column type=&#8220;4_4&#8243; _builder_version=&#8220;3.0.47&#8243; parallax=&#8220;off&#8220; parallax_method=&#8220;on&#8220;][et_pb_text _builder_version=&#8220;3.17.1&#8243; background_color=&#8220;rgba(255,255,255,0.92)&#8220; border_color_all=&#8220;#474747&#8243; custom_margin=&#8220;|||&#8220; custom_padding=&#8220;30px|30px|30px|30px|true|true&#8220;]<\/p>\n<h1>Kurzbeschreibung<\/h1>\n<p><strong>\u00a0<\/strong><\/p>\n<p><em>KINO WIEN FILM<\/em> ist <em>eine Kinoreise durch Wien von 1896 bis heute. <\/em>Sie erz\u00e4hlt mittels Gespr\u00e4chen mit Kinobetreibern, Filmvorf\u00fchrern und Technikern, Kinobesuchern und einem Historiker sowie zahlreichen Film-, Foto- und Textdokumenten eine Kinogeschichte Wiens\u00a0 \u2013 vom ersten Kino auf der K\u00e4rntner Stra\u00dfe bis zur heutigen Multiplexwelt.<\/p>\n<p>Der Film f\u00fchrt&#8230;<\/p>\n<p>\u2013 von den Breitenseer Lichtspielen mit dem Stummfilmpianisten Gerhard Gruber zu den <em>lebenden Bildern <\/em>im Prater, mit dem <em>Kinopendler an der Arbeit<\/em> ins Zentral Kino nach Wien Ottakring<\/p>\n<p>\u2013 zum Kinotechniker Horst Raimann im Gartenbaukino, zur Er\u00f6ffnung des Kinos 1960 mit Kirk Douglas als Stargast und ins Kinowerk des Architekten Robert Kotas<\/p>\n<p>\u2013 in den Bau eines neuen Kinos im English Cinema Haydn der Familie D\u00f6rfler und die tragische Geschichte der Vorbesitzer, der Familie Honig<\/p>\n<p>\u2013 zur ersten Kinokette im Roten Wien der 1920er Jahre \u2013 der Kiba \u2013 und deren zweifelhafte Entwicklung nach dem Zweiten Weltkrieg<\/p>\n<p>\u2013 zu Michaela Englert, die 2007 das Admiral Kino \u00fcbernommen hat und Henry Ebner, dem Sohn der j\u00fcdischen Besitzer bis 1938<\/p>\n<p>\u2013 zum Kinopublikum und der Frage <em>Warum gehe ich ins Kino? <\/em><\/p>\n<p>\u2013 zu Peter Kubelka im Unsichtbaren Kino, zum letzten Tag im Eos Kino, zum langen Kinosterben<\/p>\n<p>\u2013 in die ersten Mehrsaalkinos, zu Film und Politik im Votiv Kino<\/p>\n<p>\u2013 zum Multiplexbauboom um die Jahrtausendwende und dem freien Lauf des Marktes; zum gr\u00f6\u00dftes Kinobetreiber Wiens und ganz S\u00fcdosteuropas \u2013 Cineplexx \u2013 und zur Situation weltweit<\/p>\n<p>und fragt &#8230;<\/p>\n<p>nach der Zukunft der Filmprojektion. <em>Darling ich bin im Kino.<\/em><br \/>\n[\/et_pb_text][\/et_pb_column][\/et_pb_row][\/et_pb_section]<\/p>\n","protected":false},"excerpt":{"rendered":"<p>Kurzbeschreibung \u00a0 KINO WIEN FILM ist eine Kinoreise durch Wien von 1896 bis heute. Sie erz\u00e4hlt mittels Gespr\u00e4chen mit Kinobetreibern, Filmvorf\u00fchrern und Technikern, Kinobesuchern und einem Historiker sowie zahlreichen Film-, Foto- und Textdokumenten eine Kinogeschichte Wiens\u00a0 \u2013 vom ersten Kino auf der K\u00e4rntner Stra\u00dfe bis zur heutigen Multiplexwelt. Der Film f\u00fchrt&#8230; \u2013 von den Breitenseer [&hellip;]<\/p>\n","protected":false},"author":1,"featured_media":0,"parent":0,"menu_order":0,"comment_status":"closed","ping_status":"closed","template":"","meta":{"_et_pb_use_builder":"on","_et_pb_old_content":"","_et_gb_content_width":"","footnotes":""},"_links":{"self":[{"href":"https:\/\/www.rosdyfilm.com\/kinowienfilm\/wp-json\/wp\/v2\/pages\/142"}],"collection":[{"href":"https:\/\/www.rosdyfilm.com\/kinowienfilm\/wp-json\/wp\/v2\/pages"}],"about":[{"href":"https:\/\/www.rosdyfilm.com\/kinowienfilm\/wp-json\/wp\/v2\/types\/page"}],"author":[{"embeddable":true,"href":"https:\/\/www.rosdyfilm.com\/kinowienfilm\/wp-json\/wp\/v2\/users\/1"}],"replies":[{"embeddable":true,"href":"https:\/\/www.rosdyfilm.com\/kinowienfilm\/wp-json\/wp\/v2\/comments?post=142"}],"version-history":[{"count":13,"href":"https:\/\/www.rosdyfilm.com\/kinowienfilm\/wp-json\/wp\/v2\/pages\/142\/revisions"}],"predecessor-version":[{"id":347,"href":"https:\/\/www.rosdyfilm.com\/kinowienfilm\/wp-json\/wp\/v2\/pages\/142\/revisions\/347"}],"wp:attachment":[{"href":"https:\/\/www.rosdyfilm.com\/kinowienfilm\/wp-json\/wp\/v2\/media?parent=142"}],"curies":[{"name":"wp","href":"https:\/\/api.w.org\/{rel}","templated":true}]}}