{"id":48,"date":"2020-01-27T20:25:24","date_gmt":"2020-01-27T20:25:24","guid":{"rendered":"https:\/\/www.rosdyfilm.com\/kf\/?page_id=48"},"modified":"2021-02-28T21:37:43","modified_gmt":"2021-02-28T21:37:43","slug":"matzoballs","status":"publish","type":"page","link":"https:\/\/www.rosdyfilm.com\/kf\/de\/matzoballs\/","title":{"rendered":"Matzo Balls"},"content":{"rendered":"<p>[et_pb_section fb_built=&#8220;1&#8243; _builder_version=&#8220;4.0.3&#8243; background_color=&#8220;#000000&#8243;][et_pb_row _builder_version=&#8220;4.0.3&#8243;][et_pb_column type=&#8220;4_4&#8243; _builder_version=&#8220;4.0.3&#8243;][et_pb_gallery gallery_ids=&#8220;42&#8243; fullwidth=&#8220;on&#8220; _builder_version=&#8220;4.0.3&#8243; width=&#8220;65%&#8220; width_tablet=&#8220;74%&#8220; width_phone=&#8220;92%&#8220; width_last_edited=&#8220;on|desktop&#8220; module_alignment=&#8220;center&#8220;][\/et_pb_gallery][\/et_pb_column][\/et_pb_row][et_pb_row _builder_version=&#8220;4.0.3&#8243; custom_margin=&#8220;0px||||false|false&#8220; custom_margin_tablet=&#8220;19px||||false|false&#8220; custom_margin_phone=&#8220;&#8220; custom_margin_last_edited=&#8220;on|phone&#8220;][et_pb_column type=&#8220;4_4&#8243; _builder_version=&#8220;4.0.3&#8243;][et_pb_text _builder_version=&#8220;4.0.3&#8243; text_text_color=&#8220;#ffffff&#8220; text_line_height=&#8220;1.3em&#8220; header_4_text_color=&#8220;#ffffff&#8220; header_4_font_size=&#8220;16px&#8220; custom_margin=&#8220;-3px|||||&#8220; hover_enabled=&#8220;0&#8243;]<\/p>\n<h4 style=\"text-align: center;\"><span face=\"Arial\" style=\"font-family: Arial;\"><strong> Matzo Balls<\/strong><\/span><\/h4>\n<p style=\"text-align: center;\"><span face=\"arial\" style=\"font-family: arial;\"><span face=\"Arial\" style=\"font-family: Arial;\">Joan Grossman\/Paul Rosdy<br \/> 9 min. 1994<\/span><br \/> <\/span><\/p>\n<p>[\/et_pb_text][et_pb_text _builder_version=&#8220;4.0.3&#8243; text_text_color=&#8220;#ffffff&#8220; custom_margin=&#8220;|152px||152px|false|true&#8220; custom_margin_tablet=&#8220;|78px||78px|false|true&#8220; custom_margin_phone=&#8220;|22px||22px|false|true&#8220; custom_margin_last_edited=&#8220;on|phone&#8220;]<\/p>\n<p style=\"text-align: center;\"><span face=\"arial\" style=\"font-family: arial;\"><span face=\"Arial\" style=\"font-family: Arial;\">The Film is about the making and celebration of matzo ball soup, received the 1995 Special Jury Award for Home Video in Berkeley, California and was sold to the Women&#8217;s Television Network, Canada.<\/span><br \/>\n<\/span><\/p>\n<p>[\/et_pb_text][\/et_pb_column][\/et_pb_row][\/et_pb_section]<\/p>\n","protected":false},"excerpt":{"rendered":"<p> Seit Mitte des 19. Jahrhunderts wird in Nordb\u00f6hmen Kohle im Tagbau industriell gef\u00f6rdert. Landschaftsrekultivierungsexperte Stanislav \u0160t\u00fds gibt seinen Enkelkindern einen Einblick in einen langwierigen und komplexen Prozess, der mit der Ausbeutung und Zerst\u00f6rung von Landschaft zwecks Energiegewinnung beginnt und bei der Schaffung neuen Lebensraumes endet. Ein generationen\u00fcberschreitender Film. <\/p>\n","protected":false},"author":1,"featured_media":16,"parent":0,"menu_order":0,"comment_status":"closed","ping_status":"closed","template":"","meta":{"_et_pb_use_builder":"on","_et_pb_old_content":"","_et_gb_content_width":"","footnotes":""},"_links":{"self":[{"href":"https:\/\/www.rosdyfilm.com\/kf\/wp-json\/wp\/v2\/pages\/48"}],"collection":[{"href":"https:\/\/www.rosdyfilm.com\/kf\/wp-json\/wp\/v2\/pages"}],"about":[{"href":"https:\/\/www.rosdyfilm.com\/kf\/wp-json\/wp\/v2\/types\/page"}],"author":[{"embeddable":true,"href":"https:\/\/www.rosdyfilm.com\/kf\/wp-json\/wp\/v2\/users\/1"}],"replies":[{"embeddable":true,"href":"https:\/\/www.rosdyfilm.com\/kf\/wp-json\/wp\/v2\/comments?post=48"}],"version-history":[{"count":5,"href":"https:\/\/www.rosdyfilm.com\/kf\/wp-json\/wp\/v2\/pages\/48\/revisions"}],"predecessor-version":[{"id":134,"href":"https:\/\/www.rosdyfilm.com\/kf\/wp-json\/wp\/v2\/pages\/48\/revisions\/134"}],"wp:featuredmedia":[{"embeddable":true,"href":"https:\/\/www.rosdyfilm.com\/kf\/wp-json\/wp\/v2\/media\/16"}],"wp:attachment":[{"href":"https:\/\/www.rosdyfilm.com\/kf\/wp-json\/wp\/v2\/media?parent=48"}],"curies":[{"name":"wp","href":"https:\/\/api.w.org\/{rel}","templated":true}]}}