{"id":28,"date":"2020-01-27T20:06:43","date_gmt":"2020-01-27T20:06:43","guid":{"rendered":"https:\/\/www.rosdyfilm.com\/kf\/?page_id=28"},"modified":"2020-01-29T14:59:31","modified_gmt":"2020-01-29T14:59:31","slug":"cernobila-en","status":"publish","type":"page","link":"https:\/\/www.rosdyfilm.com\/kf\/en\/cernobila-en\/","title":{"rendered":"\u010cernob\u00edl\u00e1 Barevn\u00e1 EN"},"content":{"rendered":"<p>[et_pb_section fb_built=&#8220;1&#8243; _builder_version=&#8220;4.0.3&#8243; background_color=&#8220;#000000&#8243;][et_pb_row _builder_version=&#8220;4.0.3&#8243;][et_pb_column type=&#8220;4_4&#8243; _builder_version=&#8220;4.0.3&#8243;][et_pb_gallery gallery_ids=&#8220;16,17,18&#8243; fullwidth=&#8220;on&#8220; _builder_version=&#8220;4.0.3&#8243; width=&#8220;76%&#8220; module_alignment=&#8220;center&#8220;][\/et_pb_gallery][\/et_pb_column][\/et_pb_row][et_pb_row _builder_version=&#8220;4.0.3&#8243; custom_margin=&#8220;0px||||false|false&#8220; custom_margin_tablet=&#8220;19px||||false|false&#8220; custom_margin_phone=&#8220;&#8220; custom_margin_last_edited=&#8220;on|phone&#8220;][et_pb_column type=&#8220;4_4&#8243; _builder_version=&#8220;4.0.3&#8243;][et_pb_text _builder_version=&#8220;4.0.3&#8243; text_text_color=&#8220;#ffffff&#8220; text_line_height=&#8220;1.3em&#8220; header_4_text_color=&#8220;#ffffff&#8220; header_4_font_size=&#8220;16px&#8220; custom_margin=&#8220;-3px|||||&#8220;]<\/p>\n<h4 style=\"text-align: center;\"><span face=\"arial\" style=\"font-family: arial;\"><strong>\u010cernob\u00edl\u00e1 Barevn\u00e1<\/strong><\/span><\/h4>\n<p style=\"text-align: center;\"><span face=\"arial\" style=\"font-family: arial;\">(Black\/White Color)<br \/> Writer\/director: Paul Rosdy, Producer: Stanislav \u0160t\u00fds<br \/> 2009, 21 min. Czech Republic<br \/> <\/span><\/p>\n<p>[\/et_pb_text][et_pb_text _builder_version=&#8220;4.0.3&#8243; text_text_color=&#8220;#ffffff&#8220; custom_margin=&#8220;|176px||176px|false|true&#8220; custom_margin_tablet=&#8220;|78px||78px|false|true&#8220; custom_margin_phone=&#8220;|22px||22px|false|true&#8220; custom_margin_last_edited=&#8220;on|phone&#8220;]<\/p>\n<p style=\"text-align: center;\"><span face=\"arial\" style=\"font-family: arial;\">Since the middle of the 19th century open pit coal mining has been industrially exploited in North Bohemia. Landscape recultivation expert Stanislav \u0160t\u00fds introduces his grand-children into this long and complex process that starts with the exploitation and destruction of landscape and ends with the creation of new living space.\u00a0<\/span><span face=\"arial\" style=\"font-family: arial;\">A film that bridges generations.<br \/> <\/span><\/p>\n<p>[\/et_pb_text][\/et_pb_column][\/et_pb_row][\/et_pb_section]<\/p>\n","protected":false},"excerpt":{"rendered":"<p> Seit Mitte des 19. Jahrhunderts wird in Nordb\u00f6hmen Kohle im Tagbau industriell gef\u00f6rdert. Landschaftsrekultivierungsexperte Stanislav \u0160t\u00fds gibt seinen Enkelkindern einen Einblick in einen langwierigen und komplexen Prozess, der mit der Ausbeutung und Zerst\u00f6rung von Landschaft zwecks Energiegewinnung beginnt und bei der Schaffung neuen Lebensraumes endet. Ein generationen\u00fcberschreitender Film. <\/p>\n","protected":false},"author":1,"featured_media":16,"parent":0,"menu_order":0,"comment_status":"closed","ping_status":"closed","template":"","meta":{"_et_pb_use_builder":"on","_et_pb_old_content":"","_et_gb_content_width":"","footnotes":""},"_links":{"self":[{"href":"https:\/\/www.rosdyfilm.com\/kf\/wp-json\/wp\/v2\/pages\/28"}],"collection":[{"href":"https:\/\/www.rosdyfilm.com\/kf\/wp-json\/wp\/v2\/pages"}],"about":[{"href":"https:\/\/www.rosdyfilm.com\/kf\/wp-json\/wp\/v2\/types\/page"}],"author":[{"embeddable":true,"href":"https:\/\/www.rosdyfilm.com\/kf\/wp-json\/wp\/v2\/users\/1"}],"replies":[{"embeddable":true,"href":"https:\/\/www.rosdyfilm.com\/kf\/wp-json\/wp\/v2\/comments?post=28"}],"version-history":[{"count":6,"href":"https:\/\/www.rosdyfilm.com\/kf\/wp-json\/wp\/v2\/pages\/28\/revisions"}],"predecessor-version":[{"id":125,"href":"https:\/\/www.rosdyfilm.com\/kf\/wp-json\/wp\/v2\/pages\/28\/revisions\/125"}],"wp:featuredmedia":[{"embeddable":true,"href":"https:\/\/www.rosdyfilm.com\/kf\/wp-json\/wp\/v2\/media\/16"}],"wp:attachment":[{"href":"https:\/\/www.rosdyfilm.com\/kf\/wp-json\/wp\/v2\/media?parent=28"}],"curies":[{"name":"wp","href":"https:\/\/api.w.org\/{rel}","templated":true}]}}