{"id":56,"date":"2019-10-30T21:57:03","date_gmt":"2019-10-30T21:57:03","guid":{"rendered":"https:\/\/www.rosdyfilm.com\/dljvd\/?page_id=56"},"modified":"2019-11-01T19:41:14","modified_gmt":"2019-11-01T19:41:14","slug":"01-bruno-schulz","status":"publish","type":"page","link":"https:\/\/www.rosdyfilm.com\/dljvd\/01-bruno-schulz\/","title":{"rendered":"01 Ueber den Film &#8211; 04 Bruno Schulz"},"content":{"rendered":"\n[et_pb_section fb_built=&#8220;1&#8243; _builder_version=&#8220;4.0.3&#8243; background_image=&#8220;https:\/\/www.rosdyfilm.com\/dljvd\/wp-content\/uploads\/2019\/10\/01_poster.jpg&#8220; background_position=&#8220;top_center&#8220; custom_margin_tablet=&#8220;&#8220; custom_margin_phone=&#8220;&#8220; custom_margin_last_edited=&#8220;on|desktop&#8220; custom_padding=&#8220;191px||191px||true|false&#8220; hover_enabled=&#8220;0&#8243; custom_margin__hover_enabled=&#8220;off|desktop&#8220; custom_padding_last_edited=&#8220;on|phone&#8220; custom_padding_tablet=&#8220;161px||161px||true|false&#8220; custom_padding_phone=&#8220;139px||||false|false&#8220;][et_pb_row _builder_version=&#8220;4.0.3&#8243; background_color=&#8220;rgba(255,255,255,0.9)&#8220;][et_pb_column type=&#8220;4_4&#8243; _builder_version=&#8220;4.0.3&#8243;][et_pb_text _builder_version=&#8220;4.0.3&#8243; custom_padding=&#8220;0px|30px|0px|30px|true|true&#8220; custom_padding_tablet=&#8220;22px||22px||true|true&#8220; custom_padding_phone=&#8220;&#8220; custom_padding_last_edited=&#8220;on|phone&#8220; hover_enabled=&#8220;0&#8243;]<strong>Bruno Schulz, 1892 \u2013 1942<\/strong>\n\nWie Alfred Schreyer lebte auch Bruno Schulz fast sein ganzes Leben lang in Drohobytsch. Er schrieb zwei kleine, bescheidene B\u00fccher, die heute zur Weltliteratur geh\u00f6ren und in unz\u00e4hlige Sprachen \u00fcbersetzt sind:<span>\u00a0<\/span><em>Die Zimtl\u00e4den<\/em><span>\u00a0<\/span>und<span>\u00a0<\/span><em>Das Sanatorium zur Todesanzeige.<span>\u00a0<\/span><\/em>Um seinen Lebensunterhalt zu verdienen, arbeitete er als Zeichen- und Werklehrer am Gymnasium von Drohobtysch, welches er selbst im Jahre 1910 mit der Matura abschloss. Sein drittes Buch,<span>\u00a0<\/span><em>Der Messias<\/em>, hat er nie vollenden k\u00f6nnen. Das Manuskript gilt bis heute als verschollen. Bruno Schulz war auch ein bedeutender Maler. Den Zweiten Weltkrieg \u00fcberlebte er nicht: Im Zuge einer Nazi-Aktion wurde er 1942 auf offener Stra\u00dfe im Ghetto von Drohobytsch erschossen.[\/et_pb_text][\/et_pb_column][\/et_pb_row][\/et_pb_section]\n","protected":false},"excerpt":{"rendered":"<p>Bruno Schulz, 1892 \u2013 1942 Wie Alfred Schreyer lebte auch Bruno Schulz fast sein ganzes Leben lang in Drohobytsch. Er schrieb zwei kleine, bescheidene B\u00fccher, die heute zur Weltliteratur geh\u00f6ren und in unz\u00e4hlige Sprachen \u00fcbersetzt sind:\u00a0Die Zimtl\u00e4den\u00a0und\u00a0Das Sanatorium zur Todesanzeige.\u00a0Um seinen Lebensunterhalt zu verdienen, arbeitete er als Zeichen- und Werklehrer am Gymnasium von Drohobtysch, welches [&hellip;]<\/p>\n","protected":false},"author":1,"featured_media":0,"parent":0,"menu_order":0,"comment_status":"closed","ping_status":"closed","template":"","meta":{"_et_pb_use_builder":"on","_et_pb_old_content":"","_et_gb_content_width":"","footnotes":""},"_links":{"self":[{"href":"https:\/\/www.rosdyfilm.com\/dljvd\/wp-json\/wp\/v2\/pages\/56"}],"collection":[{"href":"https:\/\/www.rosdyfilm.com\/dljvd\/wp-json\/wp\/v2\/pages"}],"about":[{"href":"https:\/\/www.rosdyfilm.com\/dljvd\/wp-json\/wp\/v2\/types\/page"}],"author":[{"embeddable":true,"href":"https:\/\/www.rosdyfilm.com\/dljvd\/wp-json\/wp\/v2\/users\/1"}],"replies":[{"embeddable":true,"href":"https:\/\/www.rosdyfilm.com\/dljvd\/wp-json\/wp\/v2\/comments?post=56"}],"version-history":[{"count":3,"href":"https:\/\/www.rosdyfilm.com\/dljvd\/wp-json\/wp\/v2\/pages\/56\/revisions"}],"predecessor-version":[{"id":123,"href":"https:\/\/www.rosdyfilm.com\/dljvd\/wp-json\/wp\/v2\/pages\/56\/revisions\/123"}],"wp:attachment":[{"href":"https:\/\/www.rosdyfilm.com\/dljvd\/wp-json\/wp\/v2\/media?parent=56"}],"curies":[{"name":"wp","href":"https:\/\/api.w.org\/{rel}","templated":true}]}}