{"id":30,"date":"2019-10-30T21:30:25","date_gmt":"2019-10-30T21:30:25","guid":{"rendered":"https:\/\/www.rosdyfilm.com\/dljvd\/?page_id=30"},"modified":"2019-11-09T21:30:17","modified_gmt":"2019-11-09T21:30:17","slug":"01-synopse","status":"publish","type":"page","link":"https:\/\/www.rosdyfilm.com\/dljvd\/01-synopse\/","title":{"rendered":"01 Ueber den Film &#8211; 01 Synopse"},"content":{"rendered":"\n\n[et_pb_section fb_built=&#8220;1&#8243; _builder_version=&#8220;4.0.3&#8243; background_image=&#8220;https:\/\/www.rosdyfilm.com\/dljvd\/wp-content\/uploads\/2019\/10\/01_poster.jpg&#8220; background_position=&#8220;top_center&#8220; custom_margin_tablet=&#8220;&#8220; custom_margin_phone=&#8220;&#8220; custom_margin_last_edited=&#8220;on|desktop&#8220; custom_padding=&#8220;267px||267px||true|false&#8220; custom_margin__hover_enabled=&#8220;off|desktop&#8220;][et_pb_row _builder_version=&#8220;4.0.3&#8243; background_color=&#8220;rgba(255,255,255,0.9)&#8220;][et_pb_column type=&#8220;4_4&#8243; _builder_version=&#8220;4.0.3&#8243;][et_pb_text _builder_version=&#8220;4.0.3&#8243; custom_padding=&#8220;|30px||30px|true|true&#8220; hover_enabled=&#8220;0&#8243; custom_padding_last_edited=&#8220;on|phone&#8220; custom_padding_tablet=&#8220;20px||20px||true|true&#8220;]<strong>Der letzte Jude von Drohobytsch<\/strong> ist \u00fcber Alfred Schreyer, dem letzten Vorkriegsjuden dieser westukrainischen Stadt. In den 1930er Jahren war Schreyer ein Sch\u00fcler des polnischen Schriftstellers und Malers Bruno Schulz. Den Zweiten Weltkrieg \u00fcberlebte er in Zwangsarbeitslagern und KZs. Nach dem Krieg kehrte er alleine zur\u00fcck nach Drohobytsch und wurde S\u00e4nger und Violinist im \u00f6rtlichen Kinofoyer-Orchester \u2013 eine bis 1963 bestehende, wahrhaft einzigartige Sowjet-Tradition in der Kinokulturgeschichte. Heute ist Alfred Schreyer lebende Geschichte, die \u00fcber ein Jahrhundert voller Tragik und Lebensmut in Drohobytsch erz\u00e4hlt.[\/et_pb_text][\/et_pb_column][\/et_pb_row][\/et_pb_section]\n\n","protected":false},"excerpt":{"rendered":"<p>Der letzte Jude von Drohobytsch ist \u00fcber Alfred Schreyer, dem letzten Vorkriegsjuden dieser westukrainischen Stadt. In den 1930er Jahren war Schreyer ein Sch\u00fcler des polnischen Schriftstellers und Malers Bruno Schulz. Den Zweiten Weltkrieg \u00fcberlebte er in Zwangsarbeitslagern und KZs. Nach dem Krieg kehrte er alleine zur\u00fcck nach Drohobytsch und wurde S\u00e4nger und Violinist im \u00f6rtlichen [&hellip;]<\/p>\n","protected":false},"author":1,"featured_media":0,"parent":0,"menu_order":0,"comment_status":"closed","ping_status":"closed","template":"","meta":{"_et_pb_use_builder":"on","_et_pb_old_content":"","_et_gb_content_width":"","footnotes":""},"_links":{"self":[{"href":"https:\/\/www.rosdyfilm.com\/dljvd\/wp-json\/wp\/v2\/pages\/30"}],"collection":[{"href":"https:\/\/www.rosdyfilm.com\/dljvd\/wp-json\/wp\/v2\/pages"}],"about":[{"href":"https:\/\/www.rosdyfilm.com\/dljvd\/wp-json\/wp\/v2\/types\/page"}],"author":[{"embeddable":true,"href":"https:\/\/www.rosdyfilm.com\/dljvd\/wp-json\/wp\/v2\/users\/1"}],"replies":[{"embeddable":true,"href":"https:\/\/www.rosdyfilm.com\/dljvd\/wp-json\/wp\/v2\/comments?post=30"}],"version-history":[{"count":6,"href":"https:\/\/www.rosdyfilm.com\/dljvd\/wp-json\/wp\/v2\/pages\/30\/revisions"}],"predecessor-version":[{"id":120,"href":"https:\/\/www.rosdyfilm.com\/dljvd\/wp-json\/wp\/v2\/pages\/30\/revisions\/120"}],"wp:attachment":[{"href":"https:\/\/www.rosdyfilm.com\/dljvd\/wp-json\/wp\/v2\/media?parent=30"}],"curies":[{"name":"wp","href":"https:\/\/api.w.org\/{rel}","templated":true}]}}